{"id":1196,"date":"2017-08-20T21:31:19","date_gmt":"2017-08-20T21:31:19","guid":{"rendered":"http:\/\/motorrad.pixelstreet.net\/?page_id=1196"},"modified":"2017-08-20T22:57:28","modified_gmt":"2017-08-20T22:57:28","slug":"3-tag-dunvegan","status":"publish","type":"page","link":"http:\/\/motorrad.pixelstreet.net\/?page_id=1196","title":{"rendered":"3. Tag: Dunvegan"},"content":{"rendered":"<p>Kosten Zeltplatz<\/p>\n<p>17 gbp Kinloch Campsite<\/p>\n<p>Wie immer planten wir am Abend die Tour f\u00fcr den n\u00e4chsten Tag. Wo fr\u00fchst\u00fccken? Bei google viel mir gleich ein Caf\u00e9 Name ins Auge: Bad Girls Bakery. Da m\u00fcsste ich hin *grins* Also sind wir fr\u00fch aufgebrochen, das Wetter war sch\u00f6n und die kleine Strecke bis dorthin nur 15 Minuten.<\/p>\n<p>Das Caf\u00e9 macht relativ fr\u00fch auf, schon 8 Uhr, leider hatten sie zu Beginn noch nicht die volle Auswahl an CupCakes oder vielleicht auch zum Gl\u00fcck? Circa alle 10 Minuten kam eine neue Sorte in die Auslage, jede besser wie die vorherige. Bei mir blieb es bei einem Nutella Brownie, g\u00f6ttlich, dazu etwas herzhaftes: eine Bacon und Egg Roll. Wo der Begriff Roll sich aber als Burger herausstellte.<\/p>\n<p><a href=\"http:\/\/motorrad.pixelstreet.net\/wp-content\/uploads\/2017\/08\/2017-08-10-09.21.57.jpg\"><img loading=\"lazy\" decoding=\"async\" class=\"aligncenter size-medium wp-image-1197\" src=\"http:\/\/motorrad.pixelstreet.net\/wp-content\/uploads\/2017\/08\/2017-08-10-09.21.57-300x225.jpg\" alt=\"\" width=\"300\" height=\"225\" srcset=\"http:\/\/motorrad.pixelstreet.net\/wp-content\/uploads\/2017\/08\/2017-08-10-09.21.57-300x225.jpg 300w, http:\/\/motorrad.pixelstreet.net\/wp-content\/uploads\/2017\/08\/2017-08-10-09.21.57-768x576.jpg 768w, http:\/\/motorrad.pixelstreet.net\/wp-content\/uploads\/2017\/08\/2017-08-10-09.21.57-1024x768.jpg 1024w\" sizes=\"(max-width: 300px) 100vw, 300px\" \/><\/a><\/p>\n<p>Der Plan war danach zur Glen Ord Destillery zu fahren. Diese \u00f6ffnete aber erst etwas sp\u00e4ter, die Zeit \u00fcberbr\u00fcckten wir und suchten bzw. liefen zu einem nahe gelegenen Geocache.<\/p>\n<p>Die F\u00fchrung durch die Destillery war gut, aber nicht so sch\u00f6n wie in der Edradur Destillery vor 5 Jahren. Man konnte zwar alles sch\u00f6n sehen und es wurde ausf\u00fchrlich erkl\u00e4rt, damals war es aber die kleinste Destillery und das brachte mehr Charme. Die Kostprobe lie\u00dfen wir uns einpacken, Null Prozent Alkohol ist selbstverst\u00e4ndlich f\u00fcr uns beim Motorrad fahren.<\/p>\n<p><a href=\"http:\/\/motorrad.pixelstreet.net\/wp-content\/uploads\/2017\/08\/2017-08-10-09.30.49.jpg\"><img loading=\"lazy\" decoding=\"async\" class=\"aligncenter size-medium wp-image-1198\" src=\"http:\/\/motorrad.pixelstreet.net\/wp-content\/uploads\/2017\/08\/2017-08-10-09.30.49-300x225.jpg\" alt=\"\" width=\"300\" height=\"225\" srcset=\"http:\/\/motorrad.pixelstreet.net\/wp-content\/uploads\/2017\/08\/2017-08-10-09.30.49-300x225.jpg 300w, http:\/\/motorrad.pixelstreet.net\/wp-content\/uploads\/2017\/08\/2017-08-10-09.30.49-768x576.jpg 768w, http:\/\/motorrad.pixelstreet.net\/wp-content\/uploads\/2017\/08\/2017-08-10-09.30.49-1024x768.jpg 1024w\" sizes=\"(max-width: 300px) 100vw, 300px\" \/><\/a><\/p>\n<p>Weiter ging es Richtung Eilean Donan Castle. Beim letzten Besuch war Ebbe und vielleicht k\u00f6nnten wir das Schloss auch bei sch\u00f6nerem Wetter betrachten.<br \/>\nDie Fahrt war sehr sch\u00f6n, bestes Wetter, doch angekommen beim Castle war wieder Ebbe. Der Anblick entsch\u00e4digte dann doch, man kann halt nich alles haben.<\/p>\n<p><a href=\"http:\/\/motorrad.pixelstreet.net\/wp-content\/uploads\/2017\/08\/2017-08-10-13.49.07.jpg\"><img loading=\"lazy\" decoding=\"async\" class=\"aligncenter size-medium wp-image-1199\" src=\"http:\/\/motorrad.pixelstreet.net\/wp-content\/uploads\/2017\/08\/2017-08-10-13.49.07-300x106.jpg\" alt=\"\" width=\"300\" height=\"106\" srcset=\"http:\/\/motorrad.pixelstreet.net\/wp-content\/uploads\/2017\/08\/2017-08-10-13.49.07-300x106.jpg 300w, http:\/\/motorrad.pixelstreet.net\/wp-content\/uploads\/2017\/08\/2017-08-10-13.49.07-768x271.jpg 768w, http:\/\/motorrad.pixelstreet.net\/wp-content\/uploads\/2017\/08\/2017-08-10-13.49.07-1024x361.jpg 1024w\" sizes=\"(max-width: 300px) 100vw, 300px\" \/><\/a><\/p>\n<p>Bevor es \u00fcber die Br\u00fccke auf Sky ging, haben wir noch getankt und uns mit Lebensmitteln im co-op versorgt.<\/p>\n<p>Auf Sky bla\u00df uns die ganze Zeit ein starker Wind von allen Seiten entgegen.<\/p>\n<p>Wir hatten als Stop den Zeltplatz vom Dunvegan Castle geplant. Letztes Mal hatten wir dort so eine sch\u00f6ne Aussicht.<\/p>\n<p>Aber wie sollte es auch anders sein: zu der steifen Briese kam noch der Nieselregen \u263a\ufe0f<\/p>\n<p>Der Aufbau des Zeltes gestaltete sich etwas schwierig. Wir hatten eine freie Fl\u00e4che ausgew\u00e4hlt, h\u00e4tten im Nachhinein betrachtet dann lieber einen Platz am Rand w\u00e4hlen sollen. Der Wind war so stark das das Zelt regelrecht nach unten gedr\u00fcckt wurde. Erst als alle Sturmsicherungen und Verbindungen zwischen Ober und Unterzelt hergestellt waren, stand es einigerma\u00dfen sicher.<\/p>\n<p><a href=\"http:\/\/motorrad.pixelstreet.net\/wp-content\/uploads\/2017\/08\/2017-08-10-17.50.06.jpg\"><img loading=\"lazy\" decoding=\"async\" class=\"aligncenter size-medium wp-image-1200\" src=\"http:\/\/motorrad.pixelstreet.net\/wp-content\/uploads\/2017\/08\/2017-08-10-17.50.06-300x225.jpg\" alt=\"\" width=\"300\" height=\"225\" srcset=\"http:\/\/motorrad.pixelstreet.net\/wp-content\/uploads\/2017\/08\/2017-08-10-17.50.06-300x225.jpg 300w, http:\/\/motorrad.pixelstreet.net\/wp-content\/uploads\/2017\/08\/2017-08-10-17.50.06-768x576.jpg 768w, http:\/\/motorrad.pixelstreet.net\/wp-content\/uploads\/2017\/08\/2017-08-10-17.50.06-1024x768.jpg 1024w\" sizes=\"(max-width: 300px) 100vw, 300px\" \/><\/a><\/p>\n<p>Wir haben dann erstmal unsere Unterw\u00e4sche und T-Shirts gewaschen.<\/p>\n<p>Neben unserem Zelt stand eines, da hat das P\u00e4rchen noch verzweifelt versucht ihr Auto auf der Windseite des Zeltes zu parken. Der Wind war dann aber doch zu stark f\u00fcr das Zelt und wurde regelrecht zu Boden gedr\u00fcckt. Sie haben dann eingepackt und sind verschwunden.<\/p>\n<p>Der Wind war dann aber so stark, das ein Klettverschluss nicht richtig gehalten hat, genau auf der Windseite, diese eine Strebe habe ich dann versucht die Nacht \u00fcber zu halten, damit meine Frau wenigstens etwas schlafen konnte. Zum Wind kam dann noch ein stark Regen hinzu. Das brachte das Zelt echt an seine Belastungsgrenze. Die Plane unter dem Zelt haben wir uns gar nicht getraut hinzulegen, wegen dem Wind. So waren dann fr\u00fch beide Isomatten von unten nass. Auch leichte Abriebspuren der Stange am Zelt waren zu sehen, das wird dann zuhause geflickt.<\/p>\n","protected":false},"excerpt":{"rendered":"<p>Kosten Zeltplatz 17 gbp Kinloch Campsite Wie immer planten wir am Abend die Tour f\u00fcr den n\u00e4chsten Tag. Wo fr\u00fchst\u00fccken? Bei google viel mir gleich ein Caf\u00e9 Name ins Auge: Bad Girls Bakery. Da m\u00fcsste ich hin *grins* Also sind wir fr\u00fch aufgebrochen, das Wetter war sch\u00f6n und die kleine Strecke bis dorthin nur 15 &hellip; <\/p>\n<p><a class=\"more-link btn\" href=\"http:\/\/motorrad.pixelstreet.net\/?page_id=1196\">Weiterlesen<\/a><\/p>\n","protected":false},"author":3,"featured_media":0,"parent":1181,"menu_order":3,"comment_status":"closed","ping_status":"closed","template":"","meta":{"ngg_post_thumbnail":0,"footnotes":""},"class_list":["post-1196","page","type-page","status-publish","hentry","nodate","item-wrap"],"_links":{"self":[{"href":"http:\/\/motorrad.pixelstreet.net\/index.php?rest_route=\/wp\/v2\/pages\/1196"}],"collection":[{"href":"http:\/\/motorrad.pixelstreet.net\/index.php?rest_route=\/wp\/v2\/pages"}],"about":[{"href":"http:\/\/motorrad.pixelstreet.net\/index.php?rest_route=\/wp\/v2\/types\/page"}],"author":[{"embeddable":true,"href":"http:\/\/motorrad.pixelstreet.net\/index.php?rest_route=\/wp\/v2\/users\/3"}],"replies":[{"embeddable":true,"href":"http:\/\/motorrad.pixelstreet.net\/index.php?rest_route=%2Fwp%2Fv2%2Fcomments&post=1196"}],"version-history":[{"count":2,"href":"http:\/\/motorrad.pixelstreet.net\/index.php?rest_route=\/wp\/v2\/pages\/1196\/revisions"}],"predecessor-version":[{"id":1232,"href":"http:\/\/motorrad.pixelstreet.net\/index.php?rest_route=\/wp\/v2\/pages\/1196\/revisions\/1232"}],"up":[{"embeddable":true,"href":"http:\/\/motorrad.pixelstreet.net\/index.php?rest_route=\/wp\/v2\/pages\/1181"}],"wp:attachment":[{"href":"http:\/\/motorrad.pixelstreet.net\/index.php?rest_route=%2Fwp%2Fv2%2Fmedia&parent=1196"}],"curies":[{"name":"wp","href":"https:\/\/api.w.org\/{rel}","templated":true}]}}