{"id":1214,"date":"2017-08-20T22:51:16","date_gmt":"2017-08-20T22:51:16","guid":{"rendered":"http:\/\/motorrad.pixelstreet.net\/?page_id=1214"},"modified":"2017-08-20T22:51:16","modified_gmt":"2017-08-20T22:51:16","slug":"6-tag-howmore","status":"publish","type":"page","link":"http:\/\/motorrad.pixelstreet.net\/?page_id=1214","title":{"rendered":"6.Tag: Howmore"},"content":{"rendered":"<p>Kosten YouthHostel<\/p>\n<p>30 gbp<\/p>\n<p>zum youth Hostel,frei Pl\u00e4tze, am Abend voll, mit Pferd hinterm Haus, Strandspaziergang, Gesellschaftspiele, abends im 6 Bett Zimmer geschlafen, doppelst\u00f6ckige Betten<\/p>\n<p>&nbsp;<\/p>\n<p>Diese Nach haben wir richtig gut geschlafen.<\/p>\n<p>Der Plan f\u00fcr diesen Tag war: auf nach Lochmaddy und dort erstmal etwas fr\u00fchst\u00fccken. Die L\u00e4den h\u00e4tten zwar zu, aber dort gab es ein Hotel wo sicher etwas angeboten wird,<\/p>\n<p>Bei sch\u00f6nem Wetter ging es auf einem &#8222;Rundweg&#8220; zum Hafen. Dort sind wir aber zu fr\u00fch angekommen und das Ticket Office hatte noch geschlossen.<\/p>\n<p>Nach einer Weile warten hatte es dann ge\u00f6ffnet. Wir haben unsere Reservierungen in Tickets getauscht und wollten auf die F\u00e4hre nach Uig, zur\u00fcck nach Sky, warten. Im Office gab es freies WiFi und so hatte meine Frau gesehen das es den ganzen Tag gutes Wetter bleiben soll. Sky hatte ihr dann doch nicht mehr soo gut gefallen und daher entschlossen wir uns, einen weiteren Tag auf North&amp;South Uist zu verbringen. Also haben wir ganz lieb gefragt ob am n\u00e4chsten Tag 2 Motorradpl\u00e4tze auf der F\u00e4hre nach Mallaig frei w\u00e4ren und ob sie uns das umbuchen k\u00f6nnen, das war dann kein Problem.<\/p>\n<p>Wir hatten die Dame am Schalter noch gefragt ob es denn irgendwo noch eine M\u00f6glichkeit g\u00e4be einzukaufen, ausser Schoki und etwas zu trinken hatten wir nix dabei. Sie meinte in South Uist haben die Shops ab Mittag offen.&nbsp;<\/p>\n<p>So sind wir erstmal gen S\u00fcden gefahren, bis zum n\u00e4chsten Hafen in Lochboisdale, damit wir wissen wo wir am n\u00e4chsten Tag um 7 Uhr ! unsere F\u00e4hre erreichen m\u00fcssen.<\/p>\n<p>Auf dem Weg dorthin sind wir an einem co-op Supermarkt vorbei gekommen. Auf dem Parkplatz dort, waren wir nicht die einzigen, die auf die \u00d6ffnung gewartet haben.<\/p>\n<p>Mit Steak und Beilage ging es zur\u00fcck, 9 Meilen Richtung Norden zum Youth Hostel in Howmore. Da wir das in Berneray jetzt kannten, wussten wir wonach wir Ausschau halten mussten \ud83d\ude00<\/p>\n<p><a href=\"http:\/\/motorrad.pixelstreet.net\/wp-content\/uploads\/2017\/08\/2017-08-13-15.13.36.jpg\"><img loading=\"lazy\" decoding=\"async\" class=\"aligncenter size-medium wp-image-1216\" src=\"http:\/\/motorrad.pixelstreet.net\/wp-content\/uploads\/2017\/08\/2017-08-13-15.13.36-300x66.jpg\" alt=\"\" width=\"300\" height=\"66\" srcset=\"http:\/\/motorrad.pixelstreet.net\/wp-content\/uploads\/2017\/08\/2017-08-13-15.13.36-300x66.jpg 300w, http:\/\/motorrad.pixelstreet.net\/wp-content\/uploads\/2017\/08\/2017-08-13-15.13.36-768x170.jpg 768w, http:\/\/motorrad.pixelstreet.net\/wp-content\/uploads\/2017\/08\/2017-08-13-15.13.36-1024x227.jpg 1024w\" sizes=\"(max-width: 300px) 100vw, 300px\" \/><\/a><\/p>\n<p>Zum Gl\u00fcck waren wir so fr\u00fch da, einige Betten waren schon belegt, wir haben uns schnell 2 gesichert. Im Laufe des Nachmittages trafen immer mehr Leute ein: Camper, Wanderer, Biker und zum Schluss auch eine Frau die aus Charity Gr\u00fcnden eine Reise mit Pferd und Hund macht:<\/p>\n<p><a href=\"http:\/\/motorrad.pixelstreet.net\/wp-content\/uploads\/2017\/08\/2017-08-13-20.35.04.jpg\"><img loading=\"lazy\" decoding=\"async\" class=\"aligncenter size-medium wp-image-1217\" src=\"http:\/\/motorrad.pixelstreet.net\/wp-content\/uploads\/2017\/08\/2017-08-13-20.35.04-300x225.jpg\" alt=\"\" width=\"300\" height=\"225\" srcset=\"http:\/\/motorrad.pixelstreet.net\/wp-content\/uploads\/2017\/08\/2017-08-13-20.35.04-300x225.jpg 300w, http:\/\/motorrad.pixelstreet.net\/wp-content\/uploads\/2017\/08\/2017-08-13-20.35.04-768x576.jpg 768w, http:\/\/motorrad.pixelstreet.net\/wp-content\/uploads\/2017\/08\/2017-08-13-20.35.04-1024x768.jpg 1024w\" sizes=\"(max-width: 300px) 100vw, 300px\" \/><\/a><\/p>\n<p>Da staunten wir nicht schlecht als auf einmal ein Pferd hinter dem Hostel &#8222;geparkt&#8220; wurde. Der Hund war aber genauso drollig: aus B\u00e4llen machte er sich gar nix, er hat aber immer etwas Gras ausgerissen (vielleicht war doch etwas Schaf in den Genen), hat dieses B\u00fcschel einem vor die F\u00fc\u00dfe gelegt und man musste es dann Weg werfen, damit er es dann wieder apportieren kann \ud83d\ude00<\/p>\n<p><a href=\"http:\/\/motorrad.pixelstreet.net\/wp-content\/uploads\/2017\/08\/2017-08-13-20.39.52-e1503269165994.jpg\"><img loading=\"lazy\" decoding=\"async\" class=\"aligncenter size-medium wp-image-1218\" src=\"http:\/\/motorrad.pixelstreet.net\/wp-content\/uploads\/2017\/08\/2017-08-13-20.39.52-e1503269165994-225x300.jpg\" alt=\"\" width=\"225\" height=\"300\" srcset=\"http:\/\/motorrad.pixelstreet.net\/wp-content\/uploads\/2017\/08\/2017-08-13-20.39.52-e1503269165994-225x300.jpg 225w, http:\/\/motorrad.pixelstreet.net\/wp-content\/uploads\/2017\/08\/2017-08-13-20.39.52-e1503269165994-768x1024.jpg 768w\" sizes=\"(max-width: 225px) 100vw, 225px\" \/><\/a><\/p>\n<p>Aber noch sch\u00f6ner war die Aussicht, wenn man etwas gen Strand spaziert ist:<\/p>\n<p><a href=\"http:\/\/motorrad.pixelstreet.net\/wp-content\/uploads\/2017\/08\/2017-08-13-15.45.12-e1503269312685.jpg\"><img loading=\"lazy\" decoding=\"async\" class=\"aligncenter size-medium wp-image-1220\" src=\"http:\/\/motorrad.pixelstreet.net\/wp-content\/uploads\/2017\/08\/2017-08-13-15.45.12-e1503269312685-300x225.jpg\" alt=\"\" width=\"300\" height=\"225\" srcset=\"http:\/\/motorrad.pixelstreet.net\/wp-content\/uploads\/2017\/08\/2017-08-13-15.45.12-e1503269312685-300x225.jpg 300w, http:\/\/motorrad.pixelstreet.net\/wp-content\/uploads\/2017\/08\/2017-08-13-15.45.12-e1503269312685-768x576.jpg 768w, http:\/\/motorrad.pixelstreet.net\/wp-content\/uploads\/2017\/08\/2017-08-13-15.45.12-e1503269312685-1024x768.jpg 1024w\" sizes=\"(max-width: 300px) 100vw, 300px\" \/><\/a><\/p>\n<p>Abends war dann die H\u00fctte voll, alle Betten waren belegt. Bei einer gro\u00dfen Runde hat jeder sein Essen in der K\u00fcche gekocht, man hat sich unterhalten oder sich ein Gesellschaftsspiel rausgesucht.&nbsp;<\/p>\n<p>Danach ging es f\u00fcr uns ins Bett, wir mussten ja wieder fr\u00fch raus&#8230;zur F\u00e4hre.<\/p>\n<p>&nbsp;<\/p>\n<p>&nbsp;<\/p>\n<p>&nbsp;<\/p>\n","protected":false},"excerpt":{"rendered":"<p>Kosten YouthHostel 30 gbp zum youth Hostel,frei Pl\u00e4tze, am Abend voll, mit Pferd hinterm Haus, Strandspaziergang, Gesellschaftspiele, abends im 6 Bett Zimmer geschlafen, doppelst\u00f6ckige Betten &nbsp; Diese Nach haben wir richtig gut geschlafen. Der Plan f\u00fcr diesen Tag war: auf nach Lochmaddy und dort erstmal etwas fr\u00fchst\u00fccken. Die L\u00e4den h\u00e4tten zwar zu, aber dort gab &hellip; <\/p>\n<p><a class=\"more-link btn\" href=\"http:\/\/motorrad.pixelstreet.net\/?page_id=1214\">Weiterlesen<\/a><\/p>\n","protected":false},"author":3,"featured_media":0,"parent":1181,"menu_order":6,"comment_status":"closed","ping_status":"closed","template":"","meta":{"ngg_post_thumbnail":0,"footnotes":""},"class_list":["post-1214","page","type-page","status-publish","hentry","nodate","item-wrap"],"_links":{"self":[{"href":"http:\/\/motorrad.pixelstreet.net\/index.php?rest_route=\/wp\/v2\/pages\/1214"}],"collection":[{"href":"http:\/\/motorrad.pixelstreet.net\/index.php?rest_route=\/wp\/v2\/pages"}],"about":[{"href":"http:\/\/motorrad.pixelstreet.net\/index.php?rest_route=\/wp\/v2\/types\/page"}],"author":[{"embeddable":true,"href":"http:\/\/motorrad.pixelstreet.net\/index.php?rest_route=\/wp\/v2\/users\/3"}],"replies":[{"embeddable":true,"href":"http:\/\/motorrad.pixelstreet.net\/index.php?rest_route=%2Fwp%2Fv2%2Fcomments&post=1214"}],"version-history":[{"count":2,"href":"http:\/\/motorrad.pixelstreet.net\/index.php?rest_route=\/wp\/v2\/pages\/1214\/revisions"}],"predecessor-version":[{"id":1221,"href":"http:\/\/motorrad.pixelstreet.net\/index.php?rest_route=\/wp\/v2\/pages\/1214\/revisions\/1221"}],"up":[{"embeddable":true,"href":"http:\/\/motorrad.pixelstreet.net\/index.php?rest_route=\/wp\/v2\/pages\/1181"}],"wp:attachment":[{"href":"http:\/\/motorrad.pixelstreet.net\/index.php?rest_route=%2Fwp%2Fv2%2Fmedia&parent=1214"}],"curies":[{"name":"wp","href":"https:\/\/api.w.org\/{rel}","templated":true}]}}