{"id":1230,"date":"2017-08-20T22:57:16","date_gmt":"2017-08-20T22:57:16","guid":{"rendered":"http:\/\/motorrad.pixelstreet.net\/?page_id=1230"},"modified":"2017-08-23T23:25:04","modified_gmt":"2017-08-23T23:25:04","slug":"8-tag-sterling","status":"publish","type":"page","link":"http:\/\/motorrad.pixelstreet.net\/?page_id=1230","title":{"rendered":"8. Tag: Sterling"},"content":{"rendered":"<p>Kosten Hotel:<\/p>\n<p>70 \u20ac<\/p>\n<p>&nbsp;<\/p>\n<p>Fr\u00fch haben wir wieder routiniert unsere Sachen gepackt und in den Koffern verstaut, das Zelt war schnell abgebaut.&nbsp;<\/p>\n<p>Der Niesel begann kurz nachdem wir losgefahren sind, verzog sich aber relativ schnell und die Sonne schien. Unsere Fr\u00fchst\u00fcckspause haben wir in der Talstation des Skigebietes Glencoe Mountain gemacht. Das wussten anscheinend schon alle Midgets dieser Region und begr\u00fc\u00dften uns in einem riesigen Schwarm auf de Parkplatz. Dort warteten sie, bis wir wieder raus kamen&#8230; Zum Gl\u00fcck waren dies einige der wenigen Momente mit diesen kleinen fiesen Dingern.<\/p>\n<p>Bis auf ein.. zwei kleine Zwischenstops sind wir bis Stirling durchgefahren. Das Wetter war gut, nur waren wieder mehr Autos und LKW\u00b4s unterwegs.<\/p>\n<p>In Stirling angekommen, haben wir erstmal unser Hotel gesucht. Dort wollten wir unsere Sachen lassen und mit einem Motorrad zum Wallace Monument fahren. Ein tolles Bauwerk:<\/p>\n<p><a href=\"http:\/\/motorrad.pixelstreet.net\/wp-content\/uploads\/2017\/08\/2017-08-15-15.04.20-e1503530104499.jpg\"><img loading=\"lazy\" decoding=\"async\" class=\"aligncenter size-medium wp-image-1245\" src=\"http:\/\/motorrad.pixelstreet.net\/wp-content\/uploads\/2017\/08\/2017-08-15-15.04.20-e1503530104499-225x300.jpg\" alt=\"\" width=\"225\" height=\"300\" srcset=\"http:\/\/motorrad.pixelstreet.net\/wp-content\/uploads\/2017\/08\/2017-08-15-15.04.20-e1503530104499-225x300.jpg 225w, http:\/\/motorrad.pixelstreet.net\/wp-content\/uploads\/2017\/08\/2017-08-15-15.04.20-e1503530104499-768x1024.jpg 768w\" sizes=\"(max-width: 225px) 100vw, 225px\" \/><\/a><\/p>\n<p>Von Au\u00dfen weckt es wieder Gedanken an eine Fantasy-Welt ala Herr der Ringe oder Game of Thrones.<\/p>\n<p>Es folgt vom Parkplatz ein steiler Pfad zum Fu\u00dfe des Turmes. Die Aussicht ist sehr sch\u00f6n. Den wahnsinns Ausblick hat man aber erst, wenn man die 246 Stufen bis zur Aussichtsplattform erklimmt. Eine kleine Wendeltreppe f\u00fcr \u00fcber 4 Etagen nach oben. Auf jeder Etage befindet sich ein Ausstellungsraum.<\/p>\n<p>Der Blick von oben:<\/p>\n<p><a href=\"http:\/\/motorrad.pixelstreet.net\/wp-content\/uploads\/2017\/08\/2017-08-15-14.32.18.jpg\"><img loading=\"lazy\" decoding=\"async\" class=\"aligncenter size-medium wp-image-1246\" src=\"http:\/\/motorrad.pixelstreet.net\/wp-content\/uploads\/2017\/08\/2017-08-15-14.32.18-300x225.jpg\" alt=\"\" width=\"300\" height=\"225\" srcset=\"http:\/\/motorrad.pixelstreet.net\/wp-content\/uploads\/2017\/08\/2017-08-15-14.32.18-300x225.jpg 300w, http:\/\/motorrad.pixelstreet.net\/wp-content\/uploads\/2017\/08\/2017-08-15-14.32.18-768x576.jpg 768w, http:\/\/motorrad.pixelstreet.net\/wp-content\/uploads\/2017\/08\/2017-08-15-14.32.18-1024x768.jpg 1024w\" sizes=\"(max-width: 300px) 100vw, 300px\" \/><\/a><\/p>\n<p>An diesem Flussabschnitt fand die ber\u00fchmte Schlacht von Stirling statt.<\/p>\n<p>Wieder unten am Fu\u00dfe des Turmes angekommen, noch etwas Shopping und dann ging es zur\u00fcck zum Hotel.<\/p>\n<p>Noch eine ausgiebige Dusche, ein paar Zeilen zum vergangenen Tag notieren, dann fielen die Augen zu&#8230;<\/p>\n","protected":false},"excerpt":{"rendered":"<p>Kosten Hotel: 70 \u20ac &nbsp; Fr\u00fch haben wir wieder routiniert unsere Sachen gepackt und in den Koffern verstaut, das Zelt war schnell abgebaut.&nbsp; Der Niesel begann kurz nachdem wir losgefahren sind, verzog sich aber relativ schnell und die Sonne schien. Unsere Fr\u00fchst\u00fcckspause haben wir in der Talstation des Skigebietes Glencoe Mountain gemacht. Das wussten anscheinend &hellip; <\/p>\n<p><a class=\"more-link btn\" href=\"http:\/\/motorrad.pixelstreet.net\/?page_id=1230\">Weiterlesen<\/a><\/p>\n","protected":false},"author":3,"featured_media":0,"parent":1181,"menu_order":8,"comment_status":"closed","ping_status":"closed","template":"","meta":{"ngg_post_thumbnail":0,"footnotes":""},"class_list":["post-1230","page","type-page","status-publish","hentry","nodate","item-wrap"],"_links":{"self":[{"href":"http:\/\/motorrad.pixelstreet.net\/index.php?rest_route=\/wp\/v2\/pages\/1230"}],"collection":[{"href":"http:\/\/motorrad.pixelstreet.net\/index.php?rest_route=\/wp\/v2\/pages"}],"about":[{"href":"http:\/\/motorrad.pixelstreet.net\/index.php?rest_route=\/wp\/v2\/types\/page"}],"author":[{"embeddable":true,"href":"http:\/\/motorrad.pixelstreet.net\/index.php?rest_route=\/wp\/v2\/users\/3"}],"replies":[{"embeddable":true,"href":"http:\/\/motorrad.pixelstreet.net\/index.php?rest_route=%2Fwp%2Fv2%2Fcomments&post=1230"}],"version-history":[{"count":6,"href":"http:\/\/motorrad.pixelstreet.net\/index.php?rest_route=\/wp\/v2\/pages\/1230\/revisions"}],"predecessor-version":[{"id":1249,"href":"http:\/\/motorrad.pixelstreet.net\/index.php?rest_route=\/wp\/v2\/pages\/1230\/revisions\/1249"}],"up":[{"embeddable":true,"href":"http:\/\/motorrad.pixelstreet.net\/index.php?rest_route=\/wp\/v2\/pages\/1181"}],"wp:attachment":[{"href":"http:\/\/motorrad.pixelstreet.net\/index.php?rest_route=%2Fwp%2Fv2%2Fmedia&parent=1230"}],"curies":[{"name":"wp","href":"https:\/\/api.w.org\/{rel}","templated":true}]}}