{"id":219,"date":"2012-05-31T19:22:54","date_gmt":"2012-05-31T19:22:54","guid":{"rendered":"http:\/\/motorrad.pixelstreet.net\/?page_id=219"},"modified":"2012-06-02T16:01:11","modified_gmt":"2012-06-02T16:01:11","slug":"zelt-salewa-sierra-leone-iii","status":"publish","type":"page","link":"http:\/\/motorrad.pixelstreet.net\/?page_id=219","title":{"rendered":"Zelt &#8211; Salewa Sierra Leone III"},"content":{"rendered":"<p>Wir haben lange \u00fcberlegt: Reicht nicht auch nen g\u00fcnstiges Zelt vom Discounter? Aber da ja nen Urlaub in Schottland geplant ist, vielleicht sp\u00e4ter auch mal nach Schweden\/Norwegen und das ja L\u00e4nder sind wo es unter Umst\u00e4nden, ab und zu, gaanz vielleicht mal regnen kann, viel unsere Wahl dann doch auf das Sierra Leone von Salewa. Das &#8222;III&#8220; wurde es, weil wir ja zu Zweit unterwegs sind und genug Platz f\u00fcr Mensch und Ausr\u00fcstung da sein soll.<\/p>\n<p>Sobald der Postbote weg war, musste es nat\u00fcrlich Probe aufgebaut werden.<\/p>\n<p>Hier das Innenzelt:<\/p>\n<p><a href=\"http:\/\/motorrad.pixelstreet.net\/wp-content\/uploads\/2012\/06\/20120601-025114.jpg\"><img decoding=\"async\" class=\"alignnone size-full\" src=\"http:\/\/motorrad.pixelstreet.net\/wp-content\/uploads\/2012\/06\/20120601-025114.jpg\" alt=\"20120601-025114.jpg\" \/><\/a><\/p>\n<p>Hier mit Au\u00dfenzelt:<\/p>\n<p><a href=\"http:\/\/motorrad.pixelstreet.net\/wp-content\/uploads\/2012\/06\/20120601-025339.jpg\"><img decoding=\"async\" class=\"alignnone size-full\" src=\"http:\/\/motorrad.pixelstreet.net\/wp-content\/uploads\/2012\/06\/20120601-025339.jpg\" alt=\"20120601-025339.jpg\" \/><\/a><\/p>\n<p>Erfahrungswerte folgen nach dem ersten Probeeinsatz&#8230;<\/p>\n","protected":false},"excerpt":{"rendered":"<p>Wir haben lange \u00fcberlegt: Reicht nicht auch nen g\u00fcnstiges Zelt vom Discounter? Aber da ja nen Urlaub in Schottland geplant ist, vielleicht sp\u00e4ter auch mal nach Schweden\/Norwegen und das ja L\u00e4nder sind wo es unter Umst\u00e4nden, ab und zu, gaanz vielleicht mal regnen kann, viel unsere Wahl dann doch auf das Sierra Leone von Salewa. &hellip; <\/p>\n<p><a class=\"more-link btn\" href=\"http:\/\/motorrad.pixelstreet.net\/?page_id=219\">Weiterlesen<\/a><\/p>\n","protected":false},"author":3,"featured_media":0,"parent":80,"menu_order":0,"comment_status":"closed","ping_status":"closed","template":"","meta":{"ngg_post_thumbnail":0,"footnotes":""},"class_list":["post-219","page","type-page","status-publish","hentry","nodate","item-wrap"],"_links":{"self":[{"href":"http:\/\/motorrad.pixelstreet.net\/index.php?rest_route=\/wp\/v2\/pages\/219"}],"collection":[{"href":"http:\/\/motorrad.pixelstreet.net\/index.php?rest_route=\/wp\/v2\/pages"}],"about":[{"href":"http:\/\/motorrad.pixelstreet.net\/index.php?rest_route=\/wp\/v2\/types\/page"}],"author":[{"embeddable":true,"href":"http:\/\/motorrad.pixelstreet.net\/index.php?rest_route=\/wp\/v2\/users\/3"}],"replies":[{"embeddable":true,"href":"http:\/\/motorrad.pixelstreet.net\/index.php?rest_route=%2Fwp%2Fv2%2Fcomments&post=219"}],"version-history":[{"count":6,"href":"http:\/\/motorrad.pixelstreet.net\/index.php?rest_route=\/wp\/v2\/pages\/219\/revisions"}],"predecessor-version":[{"id":221,"href":"http:\/\/motorrad.pixelstreet.net\/index.php?rest_route=\/wp\/v2\/pages\/219\/revisions\/221"}],"up":[{"embeddable":true,"href":"http:\/\/motorrad.pixelstreet.net\/index.php?rest_route=\/wp\/v2\/pages\/80"}],"wp:attachment":[{"href":"http:\/\/motorrad.pixelstreet.net\/index.php?rest_route=%2Fwp%2Fv2%2Fmedia&parent=219"}],"curies":[{"name":"wp","href":"https:\/\/api.w.org\/{rel}","templated":true}]}}