{"id":544,"date":"2012-09-03T06:01:38","date_gmt":"2012-09-03T06:01:38","guid":{"rendered":"http:\/\/motorrad.pixelstreet.net\/?page_id=544"},"modified":"2012-10-05T16:18:16","modified_gmt":"2012-10-05T16:18:16","slug":"1-2-tag-berlin-amsterdam","status":"publish","type":"page","link":"http:\/\/motorrad.pixelstreet.net\/?page_id=544","title":{"rendered":"1.+2. Tag: Berlin &#8211; Amsterdam"},"content":{"rendered":"<p><a href=\"http:\/\/motorrad.pixelstreet.net\/wp-content\/uploads\/2012\/09\/IMG_0552-2.jpg\"><img loading=\"lazy\" decoding=\"async\" class=\"alignright size-medium wp-image-555\" title=\"IMG_0552 (2)\" src=\"http:\/\/motorrad.pixelstreet.net\/wp-content\/uploads\/2012\/09\/IMG_0552-2-300x223.jpg\" alt=\"\" width=\"300\" height=\"223\" srcset=\"http:\/\/motorrad.pixelstreet.net\/wp-content\/uploads\/2012\/09\/IMG_0552-2-300x223.jpg 300w, http:\/\/motorrad.pixelstreet.net\/wp-content\/uploads\/2012\/09\/IMG_0552-2.jpg 1000w\" sizes=\"(max-width: 300px) 100vw, 300px\" \/><\/a><\/p>\n<p>Die langersehnte Tour startete endlich. 4 Uhr morgens\u00a0voller Aufregung aufgewacht und ab da an konnte Frau\u00a0nicht mehr schlafen. Springt das Motorrad an, ist die Batterie voll, \u00f6lt irgend etwas, alles solche Gedanken die einem fr\u00fch um 4 Uhr besch\u00e4ftigen und so liegt man dann bis 6 Uhr und dreht sich hin und her. Mann ist dann um 6 munter geworden, naja und da wir beide los wollten machten wir schon fr\u00fchst\u00fcck und starteten etwas eher. Halb 8 Uhr sa\u00dfen wir dann auf dem Motorrad, fuhren nochmal zur Tanke: Luft und \u00d6l pr\u00fcfen. Und schwubs waren wir auf der Autobahn.<\/p>\n<p>&nbsp;<\/p>\n<p>&nbsp;<\/p>\n<p><a href=\"http:\/\/motorrad.pixelstreet.net\/wp-content\/uploads\/2012\/09\/IMG_0554-2.jpg\"><img loading=\"lazy\" decoding=\"async\" class=\"alignleft size-medium wp-image-563\" title=\"IMG_0554 (2)\" src=\"http:\/\/motorrad.pixelstreet.net\/wp-content\/uploads\/2012\/09\/IMG_0554-2-223x300.jpg\" alt=\"\" width=\"223\" height=\"300\" srcset=\"http:\/\/motorrad.pixelstreet.net\/wp-content\/uploads\/2012\/09\/IMG_0554-2-223x300.jpg 223w, http:\/\/motorrad.pixelstreet.net\/wp-content\/uploads\/2012\/09\/IMG_0554-2.jpg 746w\" sizes=\"(max-width: 223px) 100vw, 223px\" \/><\/a><\/p>\n<p>So kam es das wir gegen 13 Uhr schon in Hannover waren. Noch kurz bei Louis rangefahren: die Schuh\u00fcberzieher gekauft und dann im Hotel eingecheckt. Als Durchreise-Hotel absolut zu empfehlen. \u00a038 \u20ac die Nacht f\u00fcr 2 Personen. Und angenehmer das man nicht 700km am Tag fahren muss. Das Abendessen war das Highlight des Tages. Ein v\u00f6llig verplanter Imbiss: Die Chefin nicht da. Der eigentliche der es \u00fcbernimmt ist kurz weg und der Kumpel \u00fcbernimmt es. Aber wir sind da ja flexibel. Wo findet man das und was enth\u00e4lt es, das alles haben wir ihm gesagt bzw. der Hilfskraft.<\/p>\n<p>Um 8 Uhr waren wir dann so kaputt das wir beide eingeschlafen sind.<\/p>\n<p>Wir starteten um 7 Uhr fertig gepackt und wollten los. Motorrad gestartet, war aber zu kalt, also Chock gezogen. Alles gut, aber dann der Chock, er regelte nicht mehr runter. Die Maschine dreht die ganze Zeit auf 6000 statt 1600, warten, warten&#8230; dann wieder starten, bleibt aber so und dann Christoph ruckelt etwas am Chockkabel und da ist sie dann wieder bei leisen 1600 Umdrehungen. Naja haben wir uns so behelfen k\u00f6nnen, dann scheint es ja kein Problem zu sein.<\/p>\n<p>Gegen Mittag \u00fcberquerten wir dann schon die Deutsch-Niederl\u00e4ndische Grenze. Wir fuhren bei sch\u00f6nstem Wetter, war zwar morgens ziemlich frisch, aber es war angenehm zu fahren.<\/p>\n<p>Gegen 15 Uhr erreichten wir den Hafen von Ijmuden und prompt folgte der n\u00e4chste Schock; wir hatten f\u00fcr diesen Tag die Strecke NewCastle &#8211; Amsterdam gebucht, aber nun stehn wir in Amsterdam und mussten Umbuchungskosten in H\u00f6he von 280 Euro in Kauf nehmen. Aber uns war das vorher in keinster Weise aufgefallen. Aber ich glaube wir hatten eine Aufwertung gebucht (2 Betten nebeneinander statt \u00fcbereinander; mit Dusche aber ohne TV), leider war dies durch die Umbuchung nicht mehr gegeben. Aber wir wollten eh nur Duschen und schlafen.<\/p>\n<p>Die Nacht auf Wasser war sehr angenehm. Die See war sehr ruhig und man sp\u00fcrt fast nix davon. Gegen halb 6 Uhr zog es uns ans Deck und wir wollten uns den Sonnenaufgang anschauen. Leider war es so bew\u00f6lkt am Horizont das leider nix zu sehen war. Eine halbe Stunde sp\u00e4ter trat dann die Sonne hervor. Wunderbar.<\/p>\n<p><a href=\"http:\/\/motorrad.pixelstreet.net\/wp-content\/uploads\/2012\/09\/IMG_8579.jpg\"><img loading=\"lazy\" decoding=\"async\" class=\"aligncenter size-medium wp-image-564\" title=\"IMG_8579\" src=\"http:\/\/motorrad.pixelstreet.net\/wp-content\/uploads\/2012\/09\/IMG_8579-300x199.jpg\" alt=\"\" width=\"300\" height=\"199\" srcset=\"http:\/\/motorrad.pixelstreet.net\/wp-content\/uploads\/2012\/09\/IMG_8579-300x199.jpg 300w, http:\/\/motorrad.pixelstreet.net\/wp-content\/uploads\/2012\/09\/IMG_8579.jpg 1000w\" sizes=\"(max-width: 300px) 100vw, 300px\" \/><\/a><br \/>\nGegen 7 sind wir dann zum Fr\u00fchst\u00fcck gegangen, es war sehr reichhaltig. Typisch Englisch, typisch Kontinental: von allem etwas. Es lohnt sich auf jedenfall. Und dann um 9:30 durften wir endlich zu unseren Motorr\u00e4dern, Gep\u00e4ck anschnallen; sah alles noch gut aus. Kein Motorrad ist umgefallen. Dann warteten wir auf den Start. Zuerst waren die ganzen LKW`s an der Reihe und danach durften wir endlich.<\/p>\n<p><a href=\"http:\/\/motorrad.pixelstreet.net\/wp-content\/uploads\/2012\/09\/IMG_8529.jpg\"><img loading=\"lazy\" decoding=\"async\" class=\"aligncenter size-medium wp-image-566\" title=\"IMG_8529\" src=\"http:\/\/motorrad.pixelstreet.net\/wp-content\/uploads\/2012\/09\/IMG_8529-199x300.jpg\" alt=\"\" width=\"199\" height=\"300\" srcset=\"http:\/\/motorrad.pixelstreet.net\/wp-content\/uploads\/2012\/09\/IMG_8529-199x300.jpg 199w, http:\/\/motorrad.pixelstreet.net\/wp-content\/uploads\/2012\/09\/IMG_8529.jpg 666w\" sizes=\"(max-width: 199px) 100vw, 199px\" \/><\/a><\/p>\n<p>Ab in den Links-Verkehr&#8230;<\/p>\n<p>&nbsp;<\/p>\n<p style=\"text-align: center;\"><strong><span style=\"color: #3366ff;\"><a title=\"3. Tag: Newcastle \u2013 Coniston\" href=\"http:\/\/motorrad.pixelstreet.net\/?page_id=587\"><span style=\"color: #3366ff;\">Weiter zum N\u00e4chsten Tag &#8212;&gt;<\/span><\/a><\/span><\/strong><\/p>\n","protected":false},"excerpt":{"rendered":"<p>Die langersehnte Tour startete endlich. 4 Uhr morgens\u00a0voller Aufregung aufgewacht und ab da an konnte Frau\u00a0nicht mehr schlafen. Springt das Motorrad an, ist die Batterie voll, \u00f6lt irgend etwas, alles solche Gedanken die einem fr\u00fch um 4 Uhr besch\u00e4ftigen und so liegt man dann bis 6 Uhr und dreht sich hin und her. Mann ist &hellip; <\/p>\n<p><a class=\"more-link btn\" href=\"http:\/\/motorrad.pixelstreet.net\/?page_id=544\">Weiterlesen<\/a><\/p>\n","protected":false},"author":3,"featured_media":0,"parent":130,"menu_order":1,"comment_status":"open","ping_status":"closed","template":"","meta":{"ngg_post_thumbnail":0,"footnotes":""},"class_list":["post-544","page","type-page","status-publish","hentry","nodate","item-wrap"],"_links":{"self":[{"href":"http:\/\/motorrad.pixelstreet.net\/index.php?rest_route=\/wp\/v2\/pages\/544"}],"collection":[{"href":"http:\/\/motorrad.pixelstreet.net\/index.php?rest_route=\/wp\/v2\/pages"}],"about":[{"href":"http:\/\/motorrad.pixelstreet.net\/index.php?rest_route=\/wp\/v2\/types\/page"}],"author":[{"embeddable":true,"href":"http:\/\/motorrad.pixelstreet.net\/index.php?rest_route=\/wp\/v2\/users\/3"}],"replies":[{"embeddable":true,"href":"http:\/\/motorrad.pixelstreet.net\/index.php?rest_route=%2Fwp%2Fv2%2Fcomments&post=544"}],"version-history":[{"count":38,"href":"http:\/\/motorrad.pixelstreet.net\/index.php?rest_route=\/wp\/v2\/pages\/544\/revisions"}],"predecessor-version":[{"id":912,"href":"http:\/\/motorrad.pixelstreet.net\/index.php?rest_route=\/wp\/v2\/pages\/544\/revisions\/912"}],"up":[{"embeddable":true,"href":"http:\/\/motorrad.pixelstreet.net\/index.php?rest_route=\/wp\/v2\/pages\/130"}],"wp:attachment":[{"href":"http:\/\/motorrad.pixelstreet.net\/index.php?rest_route=%2Fwp%2Fv2%2Fmedia&parent=544"}],"curies":[{"name":"wp","href":"https:\/\/api.w.org\/{rel}","templated":true}]}}