{"id":629,"date":"2012-09-13T17:17:03","date_gmt":"2012-09-13T17:17:03","guid":{"rendered":"http:\/\/motorrad.pixelstreet.net\/?page_id=629"},"modified":"2012-10-06T09:19:04","modified_gmt":"2012-10-06T09:19:04","slug":"5-tag-longtown-glasgow","status":"publish","type":"page","link":"http:\/\/motorrad.pixelstreet.net\/?page_id=629","title":{"rendered":"5. Tag: Longtown &#8211; Glasgow"},"content":{"rendered":"<p>Wir wurden wieder gegen 6 Uhr munter, fr\u00fchst\u00fcckten unsere Pancakes und fingen an unsere Sachen einzupacken. Mittlerweile klappte das schon ganz fix.<\/p>\n<p>Wir wollten nach Glasgow&#8230;<\/p>\n<p>In Gretna passierten wir die Grenze zu Schottland; auf das erste Haus wird man sogar darauf hingewiesen: Grin Mariage Haus, sehr lustige Aufmachung.<\/p>\n<p><a href=\"http:\/\/motorrad.pixelstreet.net\/wp-content\/uploads\/2012\/09\/IMG_8606.jpg\"><img loading=\"lazy\" decoding=\"async\" class=\"size-medium wp-image-640\" title=\"IMG_8606\" src=\"http:\/\/motorrad.pixelstreet.net\/wp-content\/uploads\/2012\/09\/IMG_8606-199x300.jpg\" alt=\"\" width=\"199\" height=\"300\" srcset=\"http:\/\/motorrad.pixelstreet.net\/wp-content\/uploads\/2012\/09\/IMG_8606-199x300.jpg 199w, http:\/\/motorrad.pixelstreet.net\/wp-content\/uploads\/2012\/09\/IMG_8606.jpg 533w\" sizes=\"(max-width: 199px) 100vw, 199px\" \/><\/a><a href=\"http:\/\/motorrad.pixelstreet.net\/wp-content\/uploads\/2012\/09\/IMG_8624.jpg\"><img loading=\"lazy\" decoding=\"async\" class=\"alignnone size-medium wp-image-641 alignleft\" title=\"IMG_8624\" src=\"http:\/\/motorrad.pixelstreet.net\/wp-content\/uploads\/2012\/09\/IMG_8624-199x300.jpg\" alt=\"\" width=\"199\" height=\"300\" srcset=\"http:\/\/motorrad.pixelstreet.net\/wp-content\/uploads\/2012\/09\/IMG_8624-199x300.jpg 199w, http:\/\/motorrad.pixelstreet.net\/wp-content\/uploads\/2012\/09\/IMG_8624.jpg 533w\" sizes=\"(max-width: 199px) 100vw, 199px\" \/><\/a><\/p>\n<p>Wir kamen vorbei am<a href=\"http:\/\/goo.gl\/maps\/057Pm\" target=\"_blank\"> Caerlaverock Castle<\/a> und entschlossen uns dieses zu besuchen. Ein Besuch lohnt sich auf jedenfall.<\/p>\n<p>Wir fuhren durch Dumfries nach Kilmarnock und dann \u00fcber die Autobahn nach Glasgow.<\/p>\n<p><a href=\"http:\/\/motorrad.pixelstreet.net\/wp-content\/uploads\/2012\/09\/IMG_0597-21.jpg\"><img loading=\"lazy\" decoding=\"async\" class=\"alignleft size-medium wp-image-651\" title=\"IMG_0597 (2)\" src=\"http:\/\/motorrad.pixelstreet.net\/wp-content\/uploads\/2012\/09\/IMG_0597-21-300x223.jpg\" alt=\"\" width=\"300\" height=\"223\" srcset=\"http:\/\/motorrad.pixelstreet.net\/wp-content\/uploads\/2012\/09\/IMG_0597-21-300x223.jpg 300w, http:\/\/motorrad.pixelstreet.net\/wp-content\/uploads\/2012\/09\/IMG_0597-21.jpg 800w\" sizes=\"(max-width: 300px) 100vw, 300px\" \/><\/a><\/p>\n<p>&nbsp;<\/p>\n<p>&nbsp;<\/p>\n<p>&nbsp;<\/p>\n<p>Die Nacht verbrachten wir im<a href=\"http:\/\/goo.gl\/maps\/HdQk1\" target=\"_blank\"> IBIS-Budget<\/a>,<\/p>\n<p>Kostenpunkt 60\u20ac.<\/p>\n<p>&nbsp;<\/p>\n<p>&nbsp;<\/p>\n<p>&nbsp;<\/p>\n<p>&nbsp;<\/p>\n<p>&nbsp;<\/p>\n<p><a href=\"http:\/\/motorrad.pixelstreet.net\/wp-content\/uploads\/2012\/09\/IMG_0598-2.jpg\"><img loading=\"lazy\" decoding=\"async\" class=\"alignright size-thumbnail wp-image-642\" title=\"IMG_0598 (2)\" src=\"http:\/\/motorrad.pixelstreet.net\/wp-content\/uploads\/2012\/09\/IMG_0598-2-150x150.jpg\" alt=\"\" width=\"150\" height=\"150\" \/><\/a><\/p>\n<p>&nbsp;<\/p>\n<p>&nbsp;<\/p>\n<p>Heute war Waschtag angesagt:\u00a0so das wir uns auf die Suche nach einem Waschsalon machten. Nat\u00fcrlich erwischte uns auf dem R\u00fcckweg ein Regenschauer und wir waren nur in Jeans und d\u00fcnner Jacke bzw. Pullover unterwegs. Als wir ankamen waren wir komplett nass.<\/p>\n<p>&nbsp;<\/p>\n<p>&nbsp;<\/p>\n<p>&nbsp;<\/p>\n<p>Etwas sp\u00e4ter machten wir uns nochmal auf den Weg in die Innenstadt, leider erwischte es uns da erst richtig. Es regnete wie aus Eimern so das die Stra\u00dfen sich in wahre Sturzb\u00e4che verwandelten.<\/p>\n<p><a href=\"http:\/\/motorrad.pixelstreet.net\/wp-content\/uploads\/2012\/09\/DSC017372.jpg\"><img loading=\"lazy\" decoding=\"async\" class=\"aligncenter size-medium wp-image-648\" title=\"DSC01737\" src=\"http:\/\/motorrad.pixelstreet.net\/wp-content\/uploads\/2012\/09\/DSC017372-300x225.jpg\" alt=\"\" width=\"300\" height=\"225\" srcset=\"http:\/\/motorrad.pixelstreet.net\/wp-content\/uploads\/2012\/09\/DSC017372-300x225.jpg 300w, http:\/\/motorrad.pixelstreet.net\/wp-content\/uploads\/2012\/09\/DSC017372.jpg 800w\" sizes=\"(max-width: 300px) 100vw, 300px\" \/><\/a><\/p>\n<p>Wir retteten uns in den Zentral-Bahnhof, dort waren die Bars und Restaurants mit einer Sch\u00f6nen Holzfassade verkleidet. So richtig zum anschauen haben wir aber leider nix gefunden. Sehr beeindruckend sah der Bau einer neuen Festhalle aus&#8230;<\/p>\n<p>&nbsp;<\/p>\n<p><a href=\"http:\/\/motorrad.pixelstreet.net\/wp-content\/uploads\/2012\/09\/DSC017351.jpg\"><img loading=\"lazy\" decoding=\"async\" class=\"aligncenter size-medium wp-image-649\" title=\"DSC01735\" src=\"http:\/\/motorrad.pixelstreet.net\/wp-content\/uploads\/2012\/09\/DSC017351-225x300.jpg\" alt=\"\" width=\"225\" height=\"300\" srcset=\"http:\/\/motorrad.pixelstreet.net\/wp-content\/uploads\/2012\/09\/DSC017351-225x300.jpg 225w, http:\/\/motorrad.pixelstreet.net\/wp-content\/uploads\/2012\/09\/DSC017351.jpg 600w\" sizes=\"(max-width: 225px) 100vw, 225px\" \/><\/a><\/p>\n<p>&nbsp;<\/p>\n<p style=\"text-align: center;\"><span style=\"color: #3366ff;\"><strong><a title=\"6. Tag: Glasgow \u2013 Bunacaimb\" href=\"http:\/\/motorrad.pixelstreet.net\/?page_id=631\"><span style=\"color: #3366ff;\">Weiter zum N\u00e4chsten Tag &#8212;&gt;<\/span><\/a><\/strong><\/span><\/p>\n","protected":false},"excerpt":{"rendered":"<p>Wir wurden wieder gegen 6 Uhr munter, fr\u00fchst\u00fcckten unsere Pancakes und fingen an unsere Sachen einzupacken. Mittlerweile klappte das schon ganz fix. Wir wollten nach Glasgow&#8230; In Gretna passierten wir die Grenze zu Schottland; auf das erste Haus wird man sogar darauf hingewiesen: Grin Mariage Haus, sehr lustige Aufmachung. Wir kamen vorbei am Caerlaverock Castle &hellip; <\/p>\n<p><a class=\"more-link btn\" href=\"http:\/\/motorrad.pixelstreet.net\/?page_id=629\">Weiterlesen<\/a><\/p>\n","protected":false},"author":3,"featured_media":0,"parent":130,"menu_order":1,"comment_status":"open","ping_status":"closed","template":"","meta":{"ngg_post_thumbnail":0,"footnotes":""},"class_list":["post-629","page","type-page","status-publish","hentry","nodate","item-wrap"],"_links":{"self":[{"href":"http:\/\/motorrad.pixelstreet.net\/index.php?rest_route=\/wp\/v2\/pages\/629"}],"collection":[{"href":"http:\/\/motorrad.pixelstreet.net\/index.php?rest_route=\/wp\/v2\/pages"}],"about":[{"href":"http:\/\/motorrad.pixelstreet.net\/index.php?rest_route=\/wp\/v2\/types\/page"}],"author":[{"embeddable":true,"href":"http:\/\/motorrad.pixelstreet.net\/index.php?rest_route=\/wp\/v2\/users\/3"}],"replies":[{"embeddable":true,"href":"http:\/\/motorrad.pixelstreet.net\/index.php?rest_route=%2Fwp%2Fv2%2Fcomments&post=629"}],"version-history":[{"count":12,"href":"http:\/\/motorrad.pixelstreet.net\/index.php?rest_route=\/wp\/v2\/pages\/629\/revisions"}],"predecessor-version":[{"id":963,"href":"http:\/\/motorrad.pixelstreet.net\/index.php?rest_route=\/wp\/v2\/pages\/629\/revisions\/963"}],"up":[{"embeddable":true,"href":"http:\/\/motorrad.pixelstreet.net\/index.php?rest_route=\/wp\/v2\/pages\/130"}],"wp:attachment":[{"href":"http:\/\/motorrad.pixelstreet.net\/index.php?rest_route=%2Fwp%2Fv2%2Fmedia&parent=629"}],"curies":[{"name":"wp","href":"https:\/\/api.w.org\/{rel}","templated":true}]}}