{"id":633,"date":"2012-09-13T14:47:34","date_gmt":"2012-09-13T14:47:34","guid":{"rendered":"http:\/\/motorrad.pixelstreet.net\/?page_id=633"},"modified":"2012-10-06T09:19:29","modified_gmt":"2012-10-06T09:19:29","slug":"7-tag-bunacaimb-dunvegan","status":"publish","type":"page","link":"http:\/\/motorrad.pixelstreet.net\/?page_id=633","title":{"rendered":"7. Tag: Bunacaimb &#8211; Dunvegan"},"content":{"rendered":"<p>Die Nacht regnet es sehr stark, das Wetter soll die n\u00e4chsten Tage sehr wechselhaft werden, aber \u00fcberwiegend Regen. Wir \u00fcberlegen ob wir eine Nacht l\u00e4nger bleiben wollen, dann aber so von den Midges traktiert das wir schnell aufbrechen wollen.<\/p>\n<p>Das Zelt einpacken und das Zusammenr\u00e4umen gestaltete sich sehr nervenaufreibend. Die kleinen Biester sind \u00fcberall, noch dazu regnet es immer wieder. Als wir endlich fertig sind gehen wir noch bei der Zeltplatz-Frau vorbei und bezahlen f\u00fcr die letzte Nacht. Sie entschuldigt sich bei uns f\u00fcr das schlechte Wetter und die Midges, aber wir wissen ja das sie daf\u00fcr nix kann. Die Nacht kostet f\u00fcr uns beide nur 8 Pfund, das ist bisher der g\u00fcnstigste Zeltplatz den wir hatten, trotz der perfekten Lage am Meer. Wenn der Wind weht werden die fiesen Biester einfach weggepustet \ud83d\ude00<\/p>\n<p>Wir machen uns auf den Weg nach Sky bzw. Mallaig um mit der F\u00e4hre \u00fcberzusetzen. Vorher nochmal <a href=\"http:\/\/goo.gl\/maps\/jqoQI\" target=\"_blank\">schnell tanken<\/a>, der Liter Benzin kostete in Pfund &#8222;nur&#8220; 1,59, was in Deutschland 2,07 Euro zu der Zeit entsprach. Echt heftig der Spritpreis hier, im Durchschnitt hatten wir sonst so 1,37-1,40 Pfund \/ 1,80Euro bezahlt. Das ist der Nachteil wenn man an so abgelegene Orte f\u00e4hrt, das dann an jeder kleinen Tankstelle der Sprit fast in Gold aufgewogen wird \ud83d\ude09 Wir fahren weiter zum Hafen, es regnet immer noch wie verr\u00fcckt.<\/p>\n<p><a href=\"http:\/\/motorrad.pixelstreet.net\/wp-content\/uploads\/2012\/09\/IMG_0613-2.jpg\"><img loading=\"lazy\" decoding=\"async\" class=\"aligncenter size-medium wp-image-742\" title=\"IMG_0613 (2)\" src=\"http:\/\/motorrad.pixelstreet.net\/wp-content\/uploads\/2012\/09\/IMG_0613-2-223x300.jpg\" alt=\"\" width=\"223\" height=\"300\" srcset=\"http:\/\/motorrad.pixelstreet.net\/wp-content\/uploads\/2012\/09\/IMG_0613-2-223x300.jpg 223w, http:\/\/motorrad.pixelstreet.net\/wp-content\/uploads\/2012\/09\/IMG_0613-2.jpg 597w\" sizes=\"(max-width: 223px) 100vw, 223px\" \/><\/a><\/p>\n<p>Gegen 11 Uhr erreichen wir den<a href=\"http:\/\/goo.gl\/maps\/v5ABG\" target=\"_blank\"> kleinen Hafen<\/a>. Wir m\u00fcssen eine Stunde warten da das Schiff gerade abgelegt hat. Perfekte Gelegenheit etwas zu trocknen. Der Regen hat etwas nachgelassen. Als das Schiff angelegt hat, sind wir die ersten die rauf fahren d\u00fcrfen. Die Motorr\u00e4der werden vom Boardpersonal festgemacht, wir brauchen uns da um nix k\u00fcmmern. Also rauf aufs Aussichtsdeck und die Fahrt genie\u00dfen. Das Festland und die Inseln sehen auch von hier toll aus.<\/p>\n<p><a href=\"http:\/\/motorrad.pixelstreet.net\/wp-content\/uploads\/2012\/09\/DSC01769.jpg\"><img loading=\"lazy\" decoding=\"async\" class=\"aligncenter size-medium wp-image-743\" title=\"DSC01769\" src=\"http:\/\/motorrad.pixelstreet.net\/wp-content\/uploads\/2012\/09\/DSC01769-300x225.jpg\" alt=\"\" width=\"300\" height=\"225\" srcset=\"http:\/\/motorrad.pixelstreet.net\/wp-content\/uploads\/2012\/09\/DSC01769-300x225.jpg 300w, http:\/\/motorrad.pixelstreet.net\/wp-content\/uploads\/2012\/09\/DSC01769.jpg 800w\" sizes=\"(max-width: 300px) 100vw, 300px\" \/><\/a><\/p>\n<p>Die \u00dcberfahrt dauert nur eine halbe Stunde. Die Insel zeigt sich von ihrer typisch schottischen Seite: st\u00e4ndig wechselndes Wetter. Leider ist dadurch auch der Ausblick getr\u00fcbt, durch die ganzen Wolken und dem Nebel.<\/p>\n<p>Wir wollen den Rundkurs \u00fcber die Insel fahren, gegen den Uhrzeigersinn, Portree- \u00a0Uig und dann nach Dunvegan. Schon die ersten Kilometer sind wundersch\u00f6n, auch wenn es immer wieder regnet. Eine kurze Abw\u00e4gung ob erst Zeltplatz und morgen Rundkurs, oder ob wir gleich den Rundkurs fahren und dann im Zelt entspannt in den Schlaf sinken, die Wahl f\u00e4llt auf letzteres. von Staffin&#8230; \u00fcber Uig nach Dunvegan gibt es sehr viele Abschnitte mit Single Roads.<\/p>\n<p>&nbsp;<\/p>\n<p><a href=\"http:\/\/motorrad.pixelstreet.net\/wp-content\/uploads\/2012\/09\/Schottland-204-von-595.jpg\"><img loading=\"lazy\" decoding=\"async\" class=\"alignleft size-medium wp-image-744\" title=\"Schottland 204 von 595\" src=\"http:\/\/motorrad.pixelstreet.net\/wp-content\/uploads\/2012\/09\/Schottland-204-von-595-199x300.jpg\" alt=\"\" width=\"199\" height=\"300\" srcset=\"http:\/\/motorrad.pixelstreet.net\/wp-content\/uploads\/2012\/09\/Schottland-204-von-595-199x300.jpg 199w, http:\/\/motorrad.pixelstreet.net\/wp-content\/uploads\/2012\/09\/Schottland-204-von-595.jpg 532w\" sizes=\"(max-width: 199px) 100vw, 199px\" \/><\/a><\/p>\n<p>&nbsp;<\/p>\n<p>&nbsp;<\/p>\n<p>&nbsp;<\/p>\n<p>Kurz vor Dunvegan wird die Sicht etwas schlechter und wir wollen nur noch zum Zeltplatz kommen. Es gibt noch sch\u00f6ne <a href=\"http:\/\/goo.gl\/maps\/afupO\" target=\"_blank\">Aussichtspunkte<\/a> auf der Route aber durch den Regen k\u00f6nnen wir diese nicht wirklich genie\u00dfen.<\/p>\n<p>&nbsp;<\/p>\n<p>&nbsp;<\/p>\n<p>&nbsp;<\/p>\n<p>&nbsp;<\/p>\n<p>&nbsp;<\/p>\n<p>&nbsp;<\/p>\n<p>Gegen Nachmittag erreichen wir dann <a href=\"http:\/\/goo.gl\/maps\/Nez1U\" target=\"_blank\">den Zeltplatz<\/a>. Suchen uns einen Standpunkt wo es hoffentlich viel Wind gibt. Zeltaufbauen geht schon fast wie von alleine. \ud83d\ude42<\/p>\n<p><img loading=\"lazy\" decoding=\"async\" class=\"aligncenter size-medium wp-image-745\" title=\"IMG_0618 (2)\" src=\"http:\/\/motorrad.pixelstreet.net\/wp-content\/uploads\/2012\/09\/IMG_0618-2-300x223.jpg\" alt=\"\" width=\"300\" height=\"223\" srcset=\"http:\/\/motorrad.pixelstreet.net\/wp-content\/uploads\/2012\/09\/IMG_0618-2-300x223.jpg 300w, http:\/\/motorrad.pixelstreet.net\/wp-content\/uploads\/2012\/09\/IMG_0618-2.jpg 800w\" sizes=\"(max-width: 300px) 100vw, 300px\" \/><\/p>\n<p>Leider m\u00fcssen wir uns schnell ins Zelt verkr\u00fcmeln da auch hier die Midges sehr bei\u00df-freudig sind.<\/p>\n<p>&nbsp;<\/p>\n<p style=\"text-align: center;\"><strong><span style=\"color: #3366ff;\"><a title=\"8. Tag: Dunvegan \u2013 Applecross\" href=\"http:\/\/motorrad.pixelstreet.net\/?page_id=699\"><span style=\"color: #3366ff;\">\u00a0Weiter zum N\u00e4chsten Tag &#8212;&gt;<\/span><\/a><\/span><\/strong><\/p>\n","protected":false},"excerpt":{"rendered":"<p>Die Nacht regnet es sehr stark, das Wetter soll die n\u00e4chsten Tage sehr wechselhaft werden, aber \u00fcberwiegend Regen. Wir \u00fcberlegen ob wir eine Nacht l\u00e4nger bleiben wollen, dann aber so von den Midges traktiert das wir schnell aufbrechen wollen. Das Zelt einpacken und das Zusammenr\u00e4umen gestaltete sich sehr nervenaufreibend. Die kleinen Biester sind \u00fcberall, noch &hellip; <\/p>\n<p><a class=\"more-link btn\" href=\"http:\/\/motorrad.pixelstreet.net\/?page_id=633\">Weiterlesen<\/a><\/p>\n","protected":false},"author":3,"featured_media":0,"parent":130,"menu_order":1,"comment_status":"open","ping_status":"closed","template":"","meta":{"ngg_post_thumbnail":0,"footnotes":""},"class_list":["post-633","page","type-page","status-publish","hentry","nodate","item-wrap"],"_links":{"self":[{"href":"http:\/\/motorrad.pixelstreet.net\/index.php?rest_route=\/wp\/v2\/pages\/633"}],"collection":[{"href":"http:\/\/motorrad.pixelstreet.net\/index.php?rest_route=\/wp\/v2\/pages"}],"about":[{"href":"http:\/\/motorrad.pixelstreet.net\/index.php?rest_route=\/wp\/v2\/types\/page"}],"author":[{"embeddable":true,"href":"http:\/\/motorrad.pixelstreet.net\/index.php?rest_route=\/wp\/v2\/users\/3"}],"replies":[{"embeddable":true,"href":"http:\/\/motorrad.pixelstreet.net\/index.php?rest_route=%2Fwp%2Fv2%2Fcomments&post=633"}],"version-history":[{"count":18,"href":"http:\/\/motorrad.pixelstreet.net\/index.php?rest_route=\/wp\/v2\/pages\/633\/revisions"}],"predecessor-version":[{"id":750,"href":"http:\/\/motorrad.pixelstreet.net\/index.php?rest_route=\/wp\/v2\/pages\/633\/revisions\/750"}],"up":[{"embeddable":true,"href":"http:\/\/motorrad.pixelstreet.net\/index.php?rest_route=\/wp\/v2\/pages\/130"}],"wp:attachment":[{"href":"http:\/\/motorrad.pixelstreet.net\/index.php?rest_route=%2Fwp%2Fv2%2Fmedia&parent=633"}],"curies":[{"name":"wp","href":"https:\/\/api.w.org\/{rel}","templated":true}]}}