{"id":701,"date":"2012-09-25T14:53:49","date_gmt":"2012-09-25T14:53:49","guid":{"rendered":"http:\/\/motorrad.pixelstreet.net\/?page_id=701"},"modified":"2012-10-06T09:19:53","modified_gmt":"2012-10-06T09:19:53","slug":"9-tag-applecross-ullapool","status":"publish","type":"page","link":"http:\/\/motorrad.pixelstreet.net\/?page_id=701","title":{"rendered":"9. Tag: Applecross &#8211; Ullapool"},"content":{"rendered":"<p><a href=\"http:\/\/motorrad.pixelstreet.net\/wp-content\/uploads\/2012\/09\/IMG_0628-2.jpg\"><img loading=\"lazy\" decoding=\"async\" class=\"alignright size-medium wp-image-769\" title=\"IMG_0628 (2)\" src=\"http:\/\/motorrad.pixelstreet.net\/wp-content\/uploads\/2012\/09\/IMG_0628-2-300x223.jpg\" alt=\"\" width=\"300\" height=\"223\" srcset=\"http:\/\/motorrad.pixelstreet.net\/wp-content\/uploads\/2012\/09\/IMG_0628-2-300x223.jpg 300w, http:\/\/motorrad.pixelstreet.net\/wp-content\/uploads\/2012\/09\/IMG_0628-2.jpg 800w\" sizes=\"(max-width: 300px) 100vw, 300px\" \/><\/a><\/p>\n<p>&nbsp;<\/p>\n<p>&nbsp;<\/p>\n<p>Am Morgen bauen wir wie immer schnell alles ab und schnallen die Taschen auf. Diesmal nehmen wir das Angebot f\u00fcr\u00b4s Fr\u00fchst\u00fcck an: einmal Full-Breakfast ( Spiegelei, Speck, Blackpudding, W\u00fcrstchen) und einmal das kleine Fr\u00fchst\u00fcck mit Toast und Spiegelei. Das erste richtige englische Fr\u00fchst\u00fcck, mhh schmeckt lecker.<\/p>\n<p>&nbsp;<\/p>\n<p>&nbsp;<\/p>\n<p>&nbsp;<\/p>\n<p><a href=\"http:\/\/motorrad.pixelstreet.net\/wp-content\/uploads\/2012\/09\/IMG_90741.jpg\"><img loading=\"lazy\" decoding=\"async\" class=\"alignleft size-medium wp-image-779\" title=\"IMG_9074\" src=\"http:\/\/motorrad.pixelstreet.net\/wp-content\/uploads\/2012\/09\/IMG_90741-300x199.jpg\" alt=\"\" width=\"300\" height=\"199\" srcset=\"http:\/\/motorrad.pixelstreet.net\/wp-content\/uploads\/2012\/09\/IMG_90741-300x199.jpg 300w, http:\/\/motorrad.pixelstreet.net\/wp-content\/uploads\/2012\/09\/IMG_90741.jpg 800w\" sizes=\"(max-width: 300px) 100vw, 300px\" \/><\/a><\/p>\n<p>&nbsp;<\/p>\n<p>&nbsp;<\/p>\n<p>Wir machen uns auf den Weg in Richtung Ullapool. Das Wetter zeigt sich von seiner besten Seite als wir an der K\u00fcste entlang fahren.<\/p>\n<p>&nbsp;<\/p>\n<p>&nbsp;<\/p>\n<p>&nbsp;<\/p>\n<p>&nbsp;<\/p>\n<p>&nbsp;<\/p>\n<p><a href=\"http:\/\/motorrad.pixelstreet.net\/wp-content\/uploads\/2012\/09\/pan061.jpg\"><img loading=\"lazy\" decoding=\"async\" class=\"aligncenter size-medium wp-image-785\" title=\"pan06\" src=\"http:\/\/motorrad.pixelstreet.net\/wp-content\/uploads\/2012\/09\/pan061-300x81.jpg\" alt=\"\" width=\"300\" height=\"81\" srcset=\"http:\/\/motorrad.pixelstreet.net\/wp-content\/uploads\/2012\/09\/pan061-300x81.jpg 300w, http:\/\/motorrad.pixelstreet.net\/wp-content\/uploads\/2012\/09\/pan061.jpg 800w\" sizes=\"(max-width: 300px) 100vw, 300px\" \/><\/a><\/p>\n<p>Die Reise geht \u00fcber Shildaig, Kinlochve nach Gairloch. Wir machen einen Stop um uns den Hafen anzusehen. Von hier starten einige Delphine und Waltouren.<\/p>\n<p>&nbsp;<\/p>\n<p>&nbsp;<\/p>\n<p><a href=\"http:\/\/motorrad.pixelstreet.net\/wp-content\/uploads\/2012\/09\/IMG_91671.jpg\"><img loading=\"lazy\" decoding=\"async\" class=\"alignright size-medium wp-image-780\" title=\"IMG_9167\" src=\"http:\/\/motorrad.pixelstreet.net\/wp-content\/uploads\/2012\/09\/IMG_91671-199x300.jpg\" alt=\"\" width=\"199\" height=\"300\" srcset=\"http:\/\/motorrad.pixelstreet.net\/wp-content\/uploads\/2012\/09\/IMG_91671-199x300.jpg 199w, http:\/\/motorrad.pixelstreet.net\/wp-content\/uploads\/2012\/09\/IMG_91671.jpg 533w\" sizes=\"(max-width: 199px) 100vw, 199px\" \/><\/a><\/p>\n<p>&nbsp;<\/p>\n<p>&nbsp;<\/p>\n<p>&nbsp;<\/p>\n<p>Der n\u00e4chste Halt ist: <a href=\"http:\/\/goo.gl\/maps\/1M1Au\" target=\"_blank\">Corriesstock George<\/a>. Eine kleiner Pfand f\u00fchrt zu einer H\u00e4ngebr\u00fccke, die ist echt witzig. Maximal 6 Leute d\u00fcrfen drauf, aber schon bei 3 schwankt sie schon so krass das einem \u00a0Himmel und Angst werden kann. Ein weiterer Weg f\u00fchrt uns zu einer Plattform die bis zu Mitte der Schlucht reicht. Als wir uns auf den R\u00fcckweg zu den Bikes machen beginnt es nat\u00fcrlich wieder zu regnen.<\/p>\n<p>&nbsp;<\/p>\n<p>&nbsp;<\/p>\n<p>&nbsp;<\/p>\n<p>&nbsp;<\/p>\n<p>&nbsp;<\/p>\n<p>Wir fahren z\u00fcgig nach Ullapool und suchen uns einen <a href=\"http:\/\/goo.gl\/maps\/V1KfO\" target=\"_blank\">Zeltplatz direkt am Hafen<\/a>. Die Pl\u00e4tze f\u00fcr die Zelte sind direkt am Wasser gelegen, super sch\u00f6n. Wir bauen schnell auf, aber da es recht windstill ist kommen schon wieder die kleinen Qu\u00e4lgeister. Kochen gestaltet sich fast unm\u00f6glich, eine wahre Midges-Wolke bildet sich \u00fcber mich. Zum Gl\u00fcck Macht ein P\u00e4rchen ein paar Pl\u00e4tze weiter ein Lagerfeuer am Strand, das vertreibt die Midges. Wir fragen ob wir uns dazu setzen d\u00fcrfen. Nat\u00fcrlich ist dies kein Problem und man kann in Ruhe Braten \ud83d\ude42<\/p>\n<p>&nbsp;<\/p>\n<p><a href=\"http:\/\/motorrad.pixelstreet.net\/wp-content\/uploads\/2012\/09\/IMG_0633-21.jpg\"><img loading=\"lazy\" decoding=\"async\" class=\"aligncenter size-medium wp-image-782\" title=\"IMG_0633 (2)\" src=\"http:\/\/motorrad.pixelstreet.net\/wp-content\/uploads\/2012\/09\/IMG_0633-21-300x223.jpg\" alt=\"\" width=\"300\" height=\"223\" srcset=\"http:\/\/motorrad.pixelstreet.net\/wp-content\/uploads\/2012\/09\/IMG_0633-21-300x223.jpg 300w, http:\/\/motorrad.pixelstreet.net\/wp-content\/uploads\/2012\/09\/IMG_0633-21.jpg 800w\" sizes=\"(max-width: 300px) 100vw, 300px\" \/><\/a><\/p>\n<p>Nach dem Essen machen wir noch einen kurzen Ausflug in die Stadt, das ist fussl\u00e4ufig ja nur 10min entfernt vom Zeltplatz, man h\u00e4tte auch diesmal auf kochen verzichten k\u00f6nnen und sich an dem Imbiss Fish&amp;Chips oder etwas anderes holen k\u00f6nnen, f\u00fcr uns gibt es nur ein Eis. Am Zelt verkriechen wir uns auch gleich. Diese bl\u00f6den Midges&#8230;<\/p>\n<p><img loading=\"lazy\" decoding=\"async\" class=\"aligncenter size-medium wp-image-783\" title=\"Schottland 296 von 595\" src=\"http:\/\/motorrad.pixelstreet.net\/wp-content\/uploads\/2012\/09\/Schottland-296-von-5951-300x223.jpg\" alt=\"\" width=\"300\" height=\"223\" srcset=\"http:\/\/motorrad.pixelstreet.net\/wp-content\/uploads\/2012\/09\/Schottland-296-von-5951-300x223.jpg 300w, http:\/\/motorrad.pixelstreet.net\/wp-content\/uploads\/2012\/09\/Schottland-296-von-5951.jpg 800w\" sizes=\"(max-width: 300px) 100vw, 300px\" \/><\/p>\n<p>&nbsp;<\/p>\n<p style=\"text-align: center;\"><span style=\"color: #3366ff;\"><strong><a title=\"10. Tag: Ullapool \u2013 Durness\" href=\"http:\/\/motorrad.pixelstreet.net\/?page_id=703\"><span style=\"color: #3366ff;\">Weiter zum N\u00e4chsten Tag &#8212;&gt;<\/span><\/a><\/strong><\/span><\/p>\n","protected":false},"excerpt":{"rendered":"<p>&nbsp; &nbsp; Am Morgen bauen wir wie immer schnell alles ab und schnallen die Taschen auf. Diesmal nehmen wir das Angebot f\u00fcr\u00b4s Fr\u00fchst\u00fcck an: einmal Full-Breakfast ( Spiegelei, Speck, Blackpudding, W\u00fcrstchen) und einmal das kleine Fr\u00fchst\u00fcck mit Toast und Spiegelei. Das erste richtige englische Fr\u00fchst\u00fcck, mhh schmeckt lecker. &nbsp; &nbsp; &nbsp; &nbsp; &nbsp; Wir machen &hellip; <\/p>\n<p><a class=\"more-link btn\" href=\"http:\/\/motorrad.pixelstreet.net\/?page_id=701\">Weiterlesen<\/a><\/p>\n","protected":false},"author":3,"featured_media":0,"parent":130,"menu_order":1,"comment_status":"open","ping_status":"closed","template":"","meta":{"ngg_post_thumbnail":0,"footnotes":""},"class_list":["post-701","page","type-page","status-publish","hentry","nodate","item-wrap"],"_links":{"self":[{"href":"http:\/\/motorrad.pixelstreet.net\/index.php?rest_route=\/wp\/v2\/pages\/701"}],"collection":[{"href":"http:\/\/motorrad.pixelstreet.net\/index.php?rest_route=\/wp\/v2\/pages"}],"about":[{"href":"http:\/\/motorrad.pixelstreet.net\/index.php?rest_route=\/wp\/v2\/types\/page"}],"author":[{"embeddable":true,"href":"http:\/\/motorrad.pixelstreet.net\/index.php?rest_route=\/wp\/v2\/users\/3"}],"replies":[{"embeddable":true,"href":"http:\/\/motorrad.pixelstreet.net\/index.php?rest_route=%2Fwp%2Fv2%2Fcomments&post=701"}],"version-history":[{"count":15,"href":"http:\/\/motorrad.pixelstreet.net\/index.php?rest_route=\/wp\/v2\/pages\/701\/revisions"}],"predecessor-version":[{"id":803,"href":"http:\/\/motorrad.pixelstreet.net\/index.php?rest_route=\/wp\/v2\/pages\/701\/revisions\/803"}],"up":[{"embeddable":true,"href":"http:\/\/motorrad.pixelstreet.net\/index.php?rest_route=\/wp\/v2\/pages\/130"}],"wp:attachment":[{"href":"http:\/\/motorrad.pixelstreet.net\/index.php?rest_route=%2Fwp%2Fv2%2Fmedia&parent=701"}],"curies":[{"name":"wp","href":"https:\/\/api.w.org\/{rel}","templated":true}]}}