{"id":703,"date":"2012-09-25T14:54:10","date_gmt":"2012-09-25T14:54:10","guid":{"rendered":"http:\/\/motorrad.pixelstreet.net\/?page_id=703"},"modified":"2012-10-06T09:20:23","modified_gmt":"2012-10-06T09:20:23","slug":"10-tag-ullapool-durness","status":"publish","type":"page","link":"http:\/\/motorrad.pixelstreet.net\/?page_id=703","title":{"rendered":"10. Tag: Ullapool &#8211; Durness"},"content":{"rendered":"<p><a href=\"http:\/\/motorrad.pixelstreet.net\/wp-content\/uploads\/2012\/09\/IMG_0635.jpg\"><img loading=\"lazy\" decoding=\"async\" class=\"aligncenter size-medium wp-image-792\" title=\"IMG_0635\" src=\"http:\/\/motorrad.pixelstreet.net\/wp-content\/uploads\/2012\/09\/IMG_0635-300x223.jpg\" alt=\"\" width=\"300\" height=\"223\" srcset=\"http:\/\/motorrad.pixelstreet.net\/wp-content\/uploads\/2012\/09\/IMG_0635-300x223.jpg 300w, http:\/\/motorrad.pixelstreet.net\/wp-content\/uploads\/2012\/09\/IMG_0635.jpg 800w\" sizes=\"(max-width: 300px) 100vw, 300px\" \/><\/a><\/p>\n<p style=\"text-align: center;\">Wir starteten die heutige Etappe mit einem leckeren Fr\u00fchst\u00fcck in Ullapool.<\/p>\n<p><img loading=\"lazy\" decoding=\"async\" class=\"size-medium wp-image-789 aligncenter\" title=\"IMG_0638 (2)\" src=\"http:\/\/motorrad.pixelstreet.net\/wp-content\/uploads\/2012\/09\/IMG_0638-2-223x300.jpg\" alt=\"\" width=\"223\" height=\"300\" srcset=\"http:\/\/motorrad.pixelstreet.net\/wp-content\/uploads\/2012\/09\/IMG_0638-2-223x300.jpg 223w, http:\/\/motorrad.pixelstreet.net\/wp-content\/uploads\/2012\/09\/IMG_0638-2.jpg 597w\" sizes=\"(max-width: 223px) 100vw, 223px\" \/><\/p>\n<p>&nbsp;<\/p>\n<p><a style=\"color: #074d7c; cursor: pointer;\" href=\"http:\/\/motorrad.pixelstreet.net\/wp-content\/uploads\/2012\/09\/Schottland-307-von-595.jpg\"><img loading=\"lazy\" decoding=\"async\" class=\"alignright size-medium wp-image-796\" title=\"Schottland 307 von 595\" src=\"http:\/\/motorrad.pixelstreet.net\/wp-content\/uploads\/2012\/09\/Schottland-307-von-595-300x199.jpg\" alt=\"\" width=\"300\" height=\"199\" srcset=\"http:\/\/motorrad.pixelstreet.net\/wp-content\/uploads\/2012\/09\/Schottland-307-von-595-300x199.jpg 300w, http:\/\/motorrad.pixelstreet.net\/wp-content\/uploads\/2012\/09\/Schottland-307-von-595.jpg 800w\" sizes=\"(max-width: 300px) 100vw, 300px\" \/><\/a><\/p>\n<p>&nbsp;<\/p>\n<p>&nbsp;<\/p>\n<p>Wir wollen weiter nach Norden, nach Durness. Es geht \u00fcber die 835 und 837. Die\u00a0Landschaft ist immer noch atmberaubend. Je h\u00f6her wir kommen desto einsamer wird die Gegend. Es kommen immer weniger Orte und H\u00e4user entlang der Route.<\/p>\n<p>&nbsp;<\/p>\n<p>&nbsp;<\/p>\n<p>&nbsp;<\/p>\n<p>&nbsp;<\/p>\n<p><a href=\"http:\/\/motorrad.pixelstreet.net\/wp-content\/uploads\/2012\/09\/IMG_9215.jpg\"><img loading=\"lazy\" decoding=\"async\" class=\"size-medium wp-image-798 aligncenter\" title=\"IMG_9215\" src=\"http:\/\/motorrad.pixelstreet.net\/wp-content\/uploads\/2012\/09\/IMG_9215-300x199.jpg\" alt=\"\" width=\"300\" height=\"199\" srcset=\"http:\/\/motorrad.pixelstreet.net\/wp-content\/uploads\/2012\/09\/IMG_9215-300x199.jpg 300w, http:\/\/motorrad.pixelstreet.net\/wp-content\/uploads\/2012\/09\/IMG_9215.jpg 800w\" sizes=\"(max-width: 300px) 100vw, 300px\" \/><\/a><\/p>\n<p style=\"text-align: center;\">Wir fahren bis zum <a href=\"http:\/\/goo.gl\/maps\/YA8tH\" target=\"_blank\">Ardveck Castle<\/a>, eine sehr alte Ruine, das Herrenhaus ist besser erhalten, wenn auch nur die steinernen W\u00e4nde.<\/p>\n<p><a href=\"http:\/\/motorrad.pixelstreet.net\/wp-content\/uploads\/2012\/09\/IMG_9215.jpg\"><img loading=\"lazy\" decoding=\"async\" class=\"size-medium wp-image-799 aligncenter\" title=\"IMG_9221\" src=\"http:\/\/motorrad.pixelstreet.net\/wp-content\/uploads\/2012\/09\/IMG_9221-300x200.jpg\" alt=\"\" width=\"300\" height=\"200\" srcset=\"http:\/\/motorrad.pixelstreet.net\/wp-content\/uploads\/2012\/09\/IMG_9221-300x200.jpg 300w, http:\/\/motorrad.pixelstreet.net\/wp-content\/uploads\/2012\/09\/IMG_9221-1024x682.jpg 1024w, http:\/\/motorrad.pixelstreet.net\/wp-content\/uploads\/2012\/09\/IMG_9221.jpg 1920w\" sizes=\"(max-width: 300px) 100vw, 300px\" \/><\/a><\/p>\n<p>&nbsp;<\/p>\n<p><a href=\"http:\/\/motorrad.pixelstreet.net\/wp-content\/uploads\/2012\/09\/IMG_9357.jpg\"><img loading=\"lazy\" decoding=\"async\" class=\"alignright size-medium wp-image-800\" title=\"IMG_9357\" src=\"http:\/\/motorrad.pixelstreet.net\/wp-content\/uploads\/2012\/09\/IMG_9357-300x199.jpg\" alt=\"\" width=\"300\" height=\"199\" srcset=\"http:\/\/motorrad.pixelstreet.net\/wp-content\/uploads\/2012\/09\/IMG_9357-300x199.jpg 300w, http:\/\/motorrad.pixelstreet.net\/wp-content\/uploads\/2012\/09\/IMG_9357.jpg 800w\" sizes=\"(max-width: 300px) 100vw, 300px\" \/><\/a><\/p>\n<p>&nbsp;<\/p>\n<p>Weiter gehts mit einem Umweg \u00fcber Lochinver, dann \u00fcber die 869, zur\u00fcck auf die 894. Der Umweg lohnt sich wirklich, die Landschaft&#8230;unbeschreiblich.. Serpentinen&#8230; 15 -25 % Pass-Stra\u00dfen, SingleRoads, wundersch\u00f6ne Aussichtspunkte, L\u00e4mmer und Rinder entlang der Stra\u00dfe. Wie f\u00fcr uns gemacht. Wir fahren weiter \u00fcber Scourie und die Laxford Bridge nach Rhiconich.<\/p>\n<p>&nbsp;<\/p>\n<p>&nbsp;<\/p>\n<p>Ab da an \u00e4ndert sich die Landschaft nochmal etwas. Die Berge werden total rund \/ geschwungener, bis jetzt waren sie eher kantig und steinig, die Stra\u00dfen sind lang gezogener und die Berge sind entfernter.<\/p>\n<p><a href=\"http:\/\/motorrad.pixelstreet.net\/wp-content\/uploads\/2012\/09\/pan10.jpg\"><img loading=\"lazy\" decoding=\"async\" class=\"aligncenter size-medium wp-image-807\" title=\"pan10\" src=\"http:\/\/motorrad.pixelstreet.net\/wp-content\/uploads\/2012\/09\/pan10-300x104.jpg\" alt=\"\" width=\"300\" height=\"104\" srcset=\"http:\/\/motorrad.pixelstreet.net\/wp-content\/uploads\/2012\/09\/pan10-300x104.jpg 300w, http:\/\/motorrad.pixelstreet.net\/wp-content\/uploads\/2012\/09\/pan10.jpg 800w\" sizes=\"(max-width: 300px) 100vw, 300px\" \/><\/a><\/p>\n<p>Gegen Nachmittag kommen wir am <a href=\"http:\/\/goo.gl\/maps\/I1weW\" target=\"_blank\">CampingPlatz<\/a> in Durness an und blicken hinab auf einen Traumstrand. Wir nehmen uns einen Platz direkt am Klippenrand mit Meeresblick und Meeresrauschen. Das Wasser ist leider zu kalt zum baden, deshalb gibt es nur ne kleine Abk\u00fchlung der F\u00fc\u00dfe. Abends gehen wir in den Pup und probieren das englische Essen aus. Haggis: Schafsmagen mit Innereien, ja es ist sehr lecker. Als Hauptgang gibt es einen Fleischteller und Maccaroni Chees. Die Maccaroni sind sehr lecker, was etwas komisch ist das dazu Chips oder Kartoffeln serviert wurden. Aber in Schottland bekomment man das wohl immer dazu. Am Zelt haben wor endlich mal nicht so viele Midges, zum Gl\u00fcck und der Meeresluft sei dank&#8230;<\/p>\n<p><a href=\"http:\/\/motorrad.pixelstreet.net\/wp-content\/uploads\/2012\/09\/IMG_0640-22.jpg\"><img loading=\"lazy\" decoding=\"async\" class=\"aligncenter size-medium wp-image-808\" title=\"IMG_0640 (2)\" src=\"http:\/\/motorrad.pixelstreet.net\/wp-content\/uploads\/2012\/09\/IMG_0640-22-300x223.jpg\" alt=\"\" width=\"300\" height=\"223\" srcset=\"http:\/\/motorrad.pixelstreet.net\/wp-content\/uploads\/2012\/09\/IMG_0640-22-300x223.jpg 300w, http:\/\/motorrad.pixelstreet.net\/wp-content\/uploads\/2012\/09\/IMG_0640-22.jpg 800w\" sizes=\"(max-width: 300px) 100vw, 300px\" \/><\/a><\/p>\n<p>&nbsp;<\/p>\n<p style=\"text-align: center;\"><span style=\"color: #3366ff;\"><strong><a title=\"11. Tag: Durness\" href=\"http:\/\/motorrad.pixelstreet.net\/?page_id=728\"><span style=\"color: #3366ff;\">Weiter zum N\u00e4chsten Tag &#8212;&gt;<\/span><\/a><\/strong><\/span><\/p>\n","protected":false},"excerpt":{"rendered":"<p>Wir starteten die heutige Etappe mit einem leckeren Fr\u00fchst\u00fcck in Ullapool. &nbsp; &nbsp; &nbsp; Wir wollen weiter nach Norden, nach Durness. Es geht \u00fcber die 835 und 837. Die\u00a0Landschaft ist immer noch atmberaubend. Je h\u00f6her wir kommen desto einsamer wird die Gegend. Es kommen immer weniger Orte und H\u00e4user entlang der Route. &nbsp; &nbsp; &nbsp; &hellip; <\/p>\n<p><a class=\"more-link btn\" href=\"http:\/\/motorrad.pixelstreet.net\/?page_id=703\">Weiterlesen<\/a><\/p>\n","protected":false},"author":3,"featured_media":0,"parent":130,"menu_order":2,"comment_status":"open","ping_status":"closed","template":"","meta":{"ngg_post_thumbnail":0,"footnotes":""},"class_list":["post-703","page","type-page","status-publish","hentry","nodate","item-wrap"],"_links":{"self":[{"href":"http:\/\/motorrad.pixelstreet.net\/index.php?rest_route=\/wp\/v2\/pages\/703"}],"collection":[{"href":"http:\/\/motorrad.pixelstreet.net\/index.php?rest_route=\/wp\/v2\/pages"}],"about":[{"href":"http:\/\/motorrad.pixelstreet.net\/index.php?rest_route=\/wp\/v2\/types\/page"}],"author":[{"embeddable":true,"href":"http:\/\/motorrad.pixelstreet.net\/index.php?rest_route=\/wp\/v2\/users\/3"}],"replies":[{"embeddable":true,"href":"http:\/\/motorrad.pixelstreet.net\/index.php?rest_route=%2Fwp%2Fv2%2Fcomments&post=703"}],"version-history":[{"count":16,"href":"http:\/\/motorrad.pixelstreet.net\/index.php?rest_route=\/wp\/v2\/pages\/703\/revisions"}],"predecessor-version":[{"id":968,"href":"http:\/\/motorrad.pixelstreet.net\/index.php?rest_route=\/wp\/v2\/pages\/703\/revisions\/968"}],"up":[{"embeddable":true,"href":"http:\/\/motorrad.pixelstreet.net\/index.php?rest_route=\/wp\/v2\/pages\/130"}],"wp:attachment":[{"href":"http:\/\/motorrad.pixelstreet.net\/index.php?rest_route=%2Fwp%2Fv2%2Fmedia&parent=703"}],"curies":[{"name":"wp","href":"https:\/\/api.w.org\/{rel}","templated":true}]}}