{"id":728,"date":"2012-09-29T14:29:39","date_gmt":"2012-09-29T14:29:39","guid":{"rendered":"http:\/\/motorrad.pixelstreet.net\/?page_id=728"},"modified":"2012-10-06T09:20:34","modified_gmt":"2012-10-06T09:20:34","slug":"11-tag-durness","status":"publish","type":"page","link":"http:\/\/motorrad.pixelstreet.net\/?page_id=728","title":{"rendered":"11. Tag: Durness"},"content":{"rendered":"<p><a href=\"http:\/\/motorrad.pixelstreet.net\/wp-content\/uploads\/2012\/09\/IMG_9449.jpg\"><img loading=\"lazy\" decoding=\"async\" class=\"alignleft size-medium wp-image-834\" title=\"IMG_9449\" src=\"http:\/\/motorrad.pixelstreet.net\/wp-content\/uploads\/2012\/09\/IMG_9449-300x200.jpg\" alt=\"\" width=\"300\" height=\"200\" srcset=\"http:\/\/motorrad.pixelstreet.net\/wp-content\/uploads\/2012\/09\/IMG_9449-300x200.jpg 300w, http:\/\/motorrad.pixelstreet.net\/wp-content\/uploads\/2012\/09\/IMG_9449-1024x682.jpg 1024w, http:\/\/motorrad.pixelstreet.net\/wp-content\/uploads\/2012\/09\/IMG_9449.jpg 1920w\" sizes=\"(max-width: 300px) 100vw, 300px\" \/><\/a><\/p>\n<p>Wir bleiben heute in Durness. Es gef\u00e4llt uns hier so gut, das wir mal mehr als eine Nacht an einem Ort schlafen wollen. Die Nacht hatte es zwar wieder geregnet, aber das Wetter verspricht Besserung.<\/p>\n<p>&nbsp;<\/p>\n<p>&nbsp;<\/p>\n<p>&nbsp;<\/p>\n<p>&nbsp;<\/p>\n<p>&nbsp;<\/p>\n<p><img loading=\"lazy\" decoding=\"async\" class=\"alignright size-medium wp-image-835\" title=\"IMG_9481\" src=\"http:\/\/motorrad.pixelstreet.net\/wp-content\/uploads\/2012\/09\/IMG_9481-199x300.jpg\" alt=\"\" width=\"199\" height=\"300\" srcset=\"http:\/\/motorrad.pixelstreet.net\/wp-content\/uploads\/2012\/09\/IMG_9481-199x300.jpg 199w, http:\/\/motorrad.pixelstreet.net\/wp-content\/uploads\/2012\/09\/IMG_9481.jpg 533w\" sizes=\"(max-width: 199px) 100vw, 199px\" \/><\/p>\n<p>Wir machen uns mit dem Fr\u00fchst\u00fcck auf den Weg zum Cape Wrath. Man kommt in dieses Gebiete lediglich mit dem Schiff und zum Leuchtturm f\u00e4hrt ein Bus. Sieviel zu den Infos die wir bekommen hatten. Als wir am Steg angekommen sind, ist das Schiff ein kleines B\u00f6tchen f\u00fcr max 10 Personen. Also gut dann mal r\u00fcber. Der Bus ist auch nicht viel gr\u00f6\u00dfer, 20 Personen mehr passen nicht rein. Der Busfahrer ist super, er erz\u00e4hlt schaurige Geschichten \u00fcber die &#8222;Insel&#8220;. Jede Br\u00fccke hat von Ihm einen Namen bekommen. Der Weg zum Leuchtturm ist so alt und so f\u00e4hrt es sich auch, steinig und holprig. Das Gebiet wird als Bombenabwurfplatz der AirForce genutzt. Zum Gl\u00fcck und im Fr\u00fchjahr und im Sp\u00e4therbst, sonst w\u00e4re der Weg auch gesperrt. Auf dem Boot hatten wir noch \u00fcberlegt ob wie laufen, aber die Fahrt dauert \u00a0knapp 45min, also wird der Plan verworfen. Nach 1,5h geht\u00b4s wieder zur\u00fcck. Auf der Halb-&#8222;Insel&#8220; befinden sich lediglich 5 H\u00e4user, alle ohne Strom aber mit flie\u00dfend Strom (vom Bach neben dem Haus) \ud83d\ude00<\/p>\n<p>&nbsp;<\/p>\n<p>&nbsp;<\/p>\n<p>&nbsp;<\/p>\n<p><a href=\"http:\/\/motorrad.pixelstreet.net\/wp-content\/uploads\/2012\/09\/IMG_95201.jpg\"><img loading=\"lazy\" decoding=\"async\" class=\"aligncenter size-medium wp-image-841\" title=\"IMG_9520\" src=\"http:\/\/motorrad.pixelstreet.net\/wp-content\/uploads\/2012\/09\/IMG_95201-300x199.jpg\" alt=\"\" width=\"300\" height=\"199\" srcset=\"http:\/\/motorrad.pixelstreet.net\/wp-content\/uploads\/2012\/09\/IMG_95201-300x199.jpg 300w, http:\/\/motorrad.pixelstreet.net\/wp-content\/uploads\/2012\/09\/IMG_95201.jpg 800w\" sizes=\"(max-width: 300px) 100vw, 300px\" \/><\/a><\/p>\n<p>&nbsp;<\/p>\n<p>&nbsp;<\/p>\n<p><a href=\"http:\/\/motorrad.pixelstreet.net\/wp-content\/uploads\/2012\/09\/IMG_9598.jpg\"><img loading=\"lazy\" decoding=\"async\" class=\"alignleft size-medium wp-image-839\" title=\"IMG_9598\" src=\"http:\/\/motorrad.pixelstreet.net\/wp-content\/uploads\/2012\/09\/IMG_9598-300x199.jpg\" alt=\"\" width=\"300\" height=\"199\" srcset=\"http:\/\/motorrad.pixelstreet.net\/wp-content\/uploads\/2012\/09\/IMG_9598-300x199.jpg 300w, http:\/\/motorrad.pixelstreet.net\/wp-content\/uploads\/2012\/09\/IMG_9598.jpg 800w\" sizes=\"(max-width: 300px) 100vw, 300px\" \/><\/a><\/p>\n<p>Die Klippen sind gigantisch, Ein einsamer Strand l\u00e4dt zum verweilen ein, wenn wir nicht auf den Bus angewiesen w\u00e4ren. So k\u00f6nnen wir nur ein paar Fotos machen.\u00a0Als wir zur\u00fcck sind, wartet das Boot schon auf uns, da jedoch in dem Bus mehr Leute reinpassen als auf das Boot m\u00fcssen wir warten.<\/p>\n<p>&nbsp;<\/p>\n<p>&nbsp;<\/p>\n<p>&nbsp;<\/p>\n<p>&nbsp;<\/p>\n<p>&nbsp;<\/p>\n<p>&nbsp;<\/p>\n<p><a href=\"http:\/\/motorrad.pixelstreet.net\/wp-content\/uploads\/2012\/09\/IMG_96131.jpg\"><img loading=\"lazy\" decoding=\"async\" class=\"alignnone  wp-image-842\" title=\"IMG_9613\" src=\"http:\/\/motorrad.pixelstreet.net\/wp-content\/uploads\/2012\/09\/IMG_96131-300x199.jpg\" alt=\"\" width=\"240\" height=\"159\" srcset=\"http:\/\/motorrad.pixelstreet.net\/wp-content\/uploads\/2012\/09\/IMG_96131-300x199.jpg 300w, http:\/\/motorrad.pixelstreet.net\/wp-content\/uploads\/2012\/09\/IMG_96131.jpg 800w\" sizes=\"(max-width: 240px) 100vw, 240px\" \/><\/a><a href=\"http:\/\/motorrad.pixelstreet.net\/wp-content\/uploads\/2012\/09\/Schottland-386-von-595.jpg\"><img loading=\"lazy\" decoding=\"async\" class=\"alignnone  wp-image-843\" title=\"Schottland 386 von 595\" src=\"http:\/\/motorrad.pixelstreet.net\/wp-content\/uploads\/2012\/09\/Schottland-386-von-595-300x199.jpg\" alt=\"\" width=\"240\" height=\"159\" srcset=\"http:\/\/motorrad.pixelstreet.net\/wp-content\/uploads\/2012\/09\/Schottland-386-von-595-300x199.jpg 300w, http:\/\/motorrad.pixelstreet.net\/wp-content\/uploads\/2012\/09\/Schottland-386-von-595.jpg 800w\" sizes=\"(max-width: 240px) 100vw, 240px\" \/><\/a><\/p>\n<p>Zur\u00fcck am Motorrad f\u00e4ngt es nat\u00fcrlich richtig an mit Regen, also Zwangspause im Zelt. Als es aufgeh\u00f6rt hat zu regnen machen wir uns auf den Weg zur Smoo Cave. Ein Wasserfall mitten in einer H\u00f6hle. Ein kleiner Fu\u00dfweg mit vielen Stufen f\u00fchrt uns hinunter. Es ist gerade Ebbe, so k\u00f6nnen wir die ganze Bucht ablaufen. Die H\u00f6hle ist wundersch\u00f6n. Man kann auch eine Bootstour machen, tiefer in die H\u00f6hle hinein, aber es hat zu stark geregnet, deshalb ist es nicht m\u00f6glich.<\/p>\n<p><a href=\"http:\/\/motorrad.pixelstreet.net\/wp-content\/uploads\/2012\/09\/IMG_96661.jpg\"><img loading=\"lazy\" decoding=\"async\" class=\"aligncenter size-medium wp-image-845\" title=\"IMG_9666\" src=\"http:\/\/motorrad.pixelstreet.net\/wp-content\/uploads\/2012\/09\/IMG_96661-300x199.jpg\" alt=\"\" width=\"300\" height=\"199\" srcset=\"http:\/\/motorrad.pixelstreet.net\/wp-content\/uploads\/2012\/09\/IMG_96661-300x199.jpg 300w, http:\/\/motorrad.pixelstreet.net\/wp-content\/uploads\/2012\/09\/IMG_96661.jpg 800w\" sizes=\"(max-width: 300px) 100vw, 300px\" \/><\/a><\/p>\n<p>&nbsp;<\/p>\n<p style=\"text-align: center;\"><span style=\"color: #3366ff;\"><strong><a title=\"12. Tag: Durness \u2013 Inverness\" href=\"http:\/\/motorrad.pixelstreet.net\/?page_id=814\"><span style=\"color: #3366ff;\">Weiter zum N\u00e4chsten Tag &#8212;&gt;<\/span><\/a><\/strong><\/span><\/p>\n","protected":false},"excerpt":{"rendered":"<p>Wir bleiben heute in Durness. Es gef\u00e4llt uns hier so gut, das wir mal mehr als eine Nacht an einem Ort schlafen wollen. Die Nacht hatte es zwar wieder geregnet, aber das Wetter verspricht Besserung. &nbsp; &nbsp; &nbsp; &nbsp; &nbsp; Wir machen uns mit dem Fr\u00fchst\u00fcck auf den Weg zum Cape Wrath. Man kommt in &hellip; <\/p>\n<p><a class=\"more-link btn\" href=\"http:\/\/motorrad.pixelstreet.net\/?page_id=728\">Weiterlesen<\/a><\/p>\n","protected":false},"author":3,"featured_media":0,"parent":130,"menu_order":2,"comment_status":"open","ping_status":"open","template":"","meta":{"ngg_post_thumbnail":0,"footnotes":""},"class_list":["post-728","page","type-page","status-publish","hentry","nodate","item-wrap"],"_links":{"self":[{"href":"http:\/\/motorrad.pixelstreet.net\/index.php?rest_route=\/wp\/v2\/pages\/728"}],"collection":[{"href":"http:\/\/motorrad.pixelstreet.net\/index.php?rest_route=\/wp\/v2\/pages"}],"about":[{"href":"http:\/\/motorrad.pixelstreet.net\/index.php?rest_route=\/wp\/v2\/types\/page"}],"author":[{"embeddable":true,"href":"http:\/\/motorrad.pixelstreet.net\/index.php?rest_route=\/wp\/v2\/users\/3"}],"replies":[{"embeddable":true,"href":"http:\/\/motorrad.pixelstreet.net\/index.php?rest_route=%2Fwp%2Fv2%2Fcomments&post=728"}],"version-history":[{"count":13,"href":"http:\/\/motorrad.pixelstreet.net\/index.php?rest_route=\/wp\/v2\/pages\/728\/revisions"}],"predecessor-version":[{"id":969,"href":"http:\/\/motorrad.pixelstreet.net\/index.php?rest_route=\/wp\/v2\/pages\/728\/revisions\/969"}],"up":[{"embeddable":true,"href":"http:\/\/motorrad.pixelstreet.net\/index.php?rest_route=\/wp\/v2\/pages\/130"}],"wp:attachment":[{"href":"http:\/\/motorrad.pixelstreet.net\/index.php?rest_route=%2Fwp%2Fv2%2Fmedia&parent=728"}],"curies":[{"name":"wp","href":"https:\/\/api.w.org\/{rel}","templated":true}]}}