{"id":814,"date":"2012-10-05T12:20:28","date_gmt":"2012-10-05T12:20:28","guid":{"rendered":"http:\/\/motorrad.pixelstreet.net\/?page_id=814"},"modified":"2012-10-06T09:20:47","modified_gmt":"2012-10-06T09:20:47","slug":"12-tag-durness-inverness","status":"publish","type":"page","link":"http:\/\/motorrad.pixelstreet.net\/?page_id=814","title":{"rendered":"12. Tag: Durness &#8211; Inverness"},"content":{"rendered":"<p><img loading=\"lazy\" decoding=\"async\" class=\"alignright size-medium wp-image-863\" title=\"Schottland 399 von 595\" src=\"http:\/\/motorrad.pixelstreet.net\/wp-content\/uploads\/2012\/10\/Schottland-399-von-595-300x199.jpg\" alt=\"\" width=\"300\" height=\"199\" srcset=\"http:\/\/motorrad.pixelstreet.net\/wp-content\/uploads\/2012\/10\/Schottland-399-von-595-300x199.jpg 300w, http:\/\/motorrad.pixelstreet.net\/wp-content\/uploads\/2012\/10\/Schottland-399-von-595.jpg 1000w\" sizes=\"(max-width: 300px) 100vw, 300px\" \/><\/p>\n<p>Ein bisschen Wehmut tritt ein als wir unser Lager abbrechen. Wir sind an der Nordspitze Schottlands angekommen, hatten einen fantastischen Zeltplatz mit Aussicht und nun geht es wieder Richtung S\u00fcden.<\/p>\n<p>&nbsp;<\/p>\n<p>&nbsp;<\/p>\n<p>&nbsp;<\/p>\n<p>&nbsp;<\/p>\n<p>&nbsp;<\/p>\n<p><a href=\"http:\/\/motorrad.pixelstreet.net\/wp-content\/uploads\/2012\/10\/IMG_9775.jpg\"><img loading=\"lazy\" decoding=\"async\" class=\"alignleft size-medium wp-image-864\" title=\"IMG_9775\" src=\"http:\/\/motorrad.pixelstreet.net\/wp-content\/uploads\/2012\/10\/IMG_9775-200x300.jpg\" alt=\"\" width=\"200\" height=\"300\" srcset=\"http:\/\/motorrad.pixelstreet.net\/wp-content\/uploads\/2012\/10\/IMG_9775-200x300.jpg 200w, http:\/\/motorrad.pixelstreet.net\/wp-content\/uploads\/2012\/10\/IMG_9775-682x1024.jpg 682w, http:\/\/motorrad.pixelstreet.net\/wp-content\/uploads\/2012\/10\/IMG_9775.jpg 1280w\" sizes=\"(max-width: 200px) 100vw, 200px\" \/><\/a><\/p>\n<p>&nbsp;<\/p>\n<p>Auch dem meiner Yamaha f\u00e4llt der Abschied schwer und so zickt sie wieder rum: Wir fahren los und machten uns auf den Weg nach Tongue. Aber soweit kamen wir erstmal gar nicht. Wir legten zwei kurze Foto Stop\u00b4s ein, dummerweise machte ich jedesmal die Maschine aus, beim dritten mal wollte sie nicht mehr starten. Nach dem zweiten Versuch meldete sich nicht einmal mehr der Anlasser, alles tot. Na toll, was nun. Anschieben klappte auf dem leichten Gef\u00e4lle auch nicht. in einiger Entfernung zur\u00fcck war ein kleiner H\u00fcgel, dort wollte ich es noch mal probieren. Total verschwitzt und au\u00dfer Atem, weil ich immer noch die Regenkombi dr\u00fcber hatte kam ich auf dem H\u00fcgelchen an. Einfach spa\u00dfeshalber wollt ich mal versuchen ob sie wieder anspringt, ohne Anlaufen und was soll ich sagen, sie ging an. Man war das deprimierend. Ich h\u00e4tte den Abend davor das Handy \u00fcber die Bordsteckdose nicht so lange laden sollen und bei den Stops den Motor laufen lassen.<\/p>\n<p>&nbsp;<\/p>\n<p>&nbsp;<\/p>\n<p><a href=\"http:\/\/motorrad.pixelstreet.net\/wp-content\/uploads\/2012\/10\/IMG_9785.jpg\"><img loading=\"lazy\" decoding=\"async\" class=\"aligncenter size-medium wp-image-865\" title=\"IMG_9785\" src=\"http:\/\/motorrad.pixelstreet.net\/wp-content\/uploads\/2012\/10\/IMG_9785-300x199.jpg\" alt=\"\" width=\"300\" height=\"199\" srcset=\"http:\/\/motorrad.pixelstreet.net\/wp-content\/uploads\/2012\/10\/IMG_9785-300x199.jpg 300w, http:\/\/motorrad.pixelstreet.net\/wp-content\/uploads\/2012\/10\/IMG_9785.jpg 800w\" sizes=\"(max-width: 300px) 100vw, 300px\" \/><\/a><\/p>\n<p>Das Wetter war wie immer typisches Inselwetter: ne Mischung aus Regen, Sonne und bew\u00f6lkt, aber das war uns ja nicht neu.<\/p>\n<p>&nbsp;<\/p>\n<p><a href=\"http:\/\/motorrad.pixelstreet.net\/wp-content\/uploads\/2012\/10\/IMG_9806.jpg\"><img loading=\"lazy\" decoding=\"async\" class=\"alignleft size-medium wp-image-867\" title=\"IMG_9806\" src=\"http:\/\/motorrad.pixelstreet.net\/wp-content\/uploads\/2012\/10\/IMG_9806-300x199.jpg\" alt=\"\" width=\"300\" height=\"199\" srcset=\"http:\/\/motorrad.pixelstreet.net\/wp-content\/uploads\/2012\/10\/IMG_9806-300x199.jpg 300w, http:\/\/motorrad.pixelstreet.net\/wp-content\/uploads\/2012\/10\/IMG_9806.jpg 800w\" sizes=\"(max-width: 300px) 100vw, 300px\" \/><\/a><\/p>\n<p>&nbsp;<\/p>\n<p>&nbsp;<\/p>\n<p>Je weiter wir s\u00fcdw\u00e4rts kamen desto flacher wurde das Land, keine riesigen Berge die das Landschaftspanorama pr\u00e4gten, daf\u00fcr eine leicht geschwungene Landschaft. In der N\u00e4he von Bonar Bridge gab es einen <a href=\"http:\/\/goo.gl\/maps\/QQkyu\" target=\"_blank\">Rastplatz<\/a> wo man eine fantastische Aussicht auf dieses hatte.<\/p>\n<p>&nbsp;<\/p>\n<p>&nbsp;<\/p>\n<p>In Inverness angekommen ging es erstmal zum \u00f6rtlichen Outdoor-Shop, wir brauchten Nachschub an Spiritus f\u00fcr unseren Kocher. Dann ging es zum <a href=\"http:\/\/goo.gl\/maps\/uC9AR\" target=\"_blank\">Zeltplatz<\/a>, das Navi zeigte uns einen direkt am Wasser gelegenen an, nur 3 km von der Stadt entfernt. Wir sind dort angekommen und haben uns gefreut das wir wieder einen Top Zeltplatz erwischt haben.<\/p>\n<p><a href=\"http:\/\/motorrad.pixelstreet.net\/wp-content\/uploads\/2012\/10\/IMG_0651-2.jpg\"><img loading=\"lazy\" decoding=\"async\" class=\"alignnone  wp-image-869\" title=\"IMG_0651 (2)\" src=\"http:\/\/motorrad.pixelstreet.net\/wp-content\/uploads\/2012\/10\/IMG_0651-2-300x223.jpg\" alt=\"\" width=\"240\" height=\"178\" srcset=\"http:\/\/motorrad.pixelstreet.net\/wp-content\/uploads\/2012\/10\/IMG_0651-2-300x223.jpg 300w, http:\/\/motorrad.pixelstreet.net\/wp-content\/uploads\/2012\/10\/IMG_0651-2.jpg 800w\" sizes=\"(max-width: 240px) 100vw, 240px\" \/><\/a>\u00a0<a href=\"http:\/\/motorrad.pixelstreet.net\/wp-content\/uploads\/2012\/10\/IMG_0649-2.jpg\"><img loading=\"lazy\" decoding=\"async\" class=\"alignnone  wp-image-870\" title=\"IMG_0649 (2)\" src=\"http:\/\/motorrad.pixelstreet.net\/wp-content\/uploads\/2012\/10\/IMG_0649-2-300x223.jpg\" alt=\"\" width=\"240\" height=\"178\" srcset=\"http:\/\/motorrad.pixelstreet.net\/wp-content\/uploads\/2012\/10\/IMG_0649-2-300x223.jpg 300w, http:\/\/motorrad.pixelstreet.net\/wp-content\/uploads\/2012\/10\/IMG_0649-2.jpg 800w\" sizes=\"(max-width: 240px) 100vw, 240px\" \/><\/a><\/p>\n<p>Das Wetter wechselte heut echt im Sekundentakt&#8230; aber wir blieben trocken.<\/p>\n<p>&nbsp;<\/p>\n<p>Abends noch ein paar Nacht-Aufnahmen:<\/p>\n<p><a href=\"http:\/\/motorrad.pixelstreet.net\/wp-content\/uploads\/2012\/10\/IMG_9842.jpg\"><img loading=\"lazy\" decoding=\"async\" class=\"aligncenter size-medium wp-image-871\" title=\"IMG_9842\" src=\"http:\/\/motorrad.pixelstreet.net\/wp-content\/uploads\/2012\/10\/IMG_9842-300x199.jpg\" alt=\"\" width=\"300\" height=\"199\" srcset=\"http:\/\/motorrad.pixelstreet.net\/wp-content\/uploads\/2012\/10\/IMG_9842-300x199.jpg 300w, http:\/\/motorrad.pixelstreet.net\/wp-content\/uploads\/2012\/10\/IMG_9842.jpg 800w\" sizes=\"(max-width: 300px) 100vw, 300px\" \/><\/a><\/p>\n<p style=\"text-align: center;\">(Merke: f\u00fcr n\u00e4chstes Mal ein kleines Reisestativ einpacken)<\/p>\n<p>&nbsp;<\/p>\n<p>Ein \u00d6sterreicher sprach uns an, Ihm ist die Yamaha aufgefallen. Er erkundigte sich nach dem Typ und er meinte so eine habe auch er fr\u00fcher mal gefahren. Er l\u00e4chelte als wir Ihm erz\u00e4hlten was wir schon alles durch hatten auf unserer Tour. Jetzt hatte er die gro\u00dfe 1100er und seine Frau fuhr als Sozius mit. Auf Ihrer Tour schlagen sie Ihr Lager auf und blieben f\u00fcr mehrere Tage, starten Ihre Tagestouren immer vom selben Punkt aus. Sp\u00e4ter gehts dann erst weiter.<\/p>\n<p>F\u00fcr uns w\u00e4re das nichts, nicht bei der Menge Gep\u00e4ck die wir dabei haben. Vielleicht sp\u00e4ter mal, dann aber mit Trike. wo mehr Platz f\u00fcr beide ist.<\/p>\n<p>&nbsp;<\/p>\n<p style=\"text-align: center;\"><span style=\"color: #3366ff;\"><strong><a title=\"13. Tag: Inverness \u2013 Aviemore\" href=\"http:\/\/motorrad.pixelstreet.net\/?page_id=816\"><span style=\"color: #3366ff;\">\u00a0Weiter zum N\u00e4chsten Tag &#8212;&gt;<\/span><\/a><\/strong><\/span><\/p>\n<p>&nbsp;<\/p>\n","protected":false},"excerpt":{"rendered":"<p>Ein bisschen Wehmut tritt ein als wir unser Lager abbrechen. Wir sind an der Nordspitze Schottlands angekommen, hatten einen fantastischen Zeltplatz mit Aussicht und nun geht es wieder Richtung S\u00fcden. &nbsp; &nbsp; &nbsp; &nbsp; &nbsp; &nbsp; Auch dem meiner Yamaha f\u00e4llt der Abschied schwer und so zickt sie wieder rum: Wir fahren los und machten &hellip; <\/p>\n<p><a class=\"more-link btn\" href=\"http:\/\/motorrad.pixelstreet.net\/?page_id=814\">Weiterlesen<\/a><\/p>\n","protected":false},"author":3,"featured_media":0,"parent":130,"menu_order":2,"comment_status":"open","ping_status":"open","template":"","meta":{"ngg_post_thumbnail":0,"footnotes":""},"class_list":["post-814","page","type-page","status-publish","hentry","nodate","item-wrap"],"_links":{"self":[{"href":"http:\/\/motorrad.pixelstreet.net\/index.php?rest_route=\/wp\/v2\/pages\/814"}],"collection":[{"href":"http:\/\/motorrad.pixelstreet.net\/index.php?rest_route=\/wp\/v2\/pages"}],"about":[{"href":"http:\/\/motorrad.pixelstreet.net\/index.php?rest_route=\/wp\/v2\/types\/page"}],"author":[{"embeddable":true,"href":"http:\/\/motorrad.pixelstreet.net\/index.php?rest_route=\/wp\/v2\/users\/3"}],"replies":[{"embeddable":true,"href":"http:\/\/motorrad.pixelstreet.net\/index.php?rest_route=%2Fwp%2Fv2%2Fcomments&post=814"}],"version-history":[{"count":10,"href":"http:\/\/motorrad.pixelstreet.net\/index.php?rest_route=\/wp\/v2\/pages\/814\/revisions"}],"predecessor-version":[{"id":970,"href":"http:\/\/motorrad.pixelstreet.net\/index.php?rest_route=\/wp\/v2\/pages\/814\/revisions\/970"}],"up":[{"embeddable":true,"href":"http:\/\/motorrad.pixelstreet.net\/index.php?rest_route=\/wp\/v2\/pages\/130"}],"wp:attachment":[{"href":"http:\/\/motorrad.pixelstreet.net\/index.php?rest_route=%2Fwp%2Fv2%2Fmedia&parent=814"}],"curies":[{"name":"wp","href":"https:\/\/api.w.org\/{rel}","templated":true}]}}