{"id":816,"date":"2012-10-05T14:54:31","date_gmt":"2012-10-05T14:54:31","guid":{"rendered":"http:\/\/motorrad.pixelstreet.net\/?page_id=816"},"modified":"2012-10-06T09:21:00","modified_gmt":"2012-10-06T09:21:00","slug":"13-tag-inverness-aviemore","status":"publish","type":"page","link":"http:\/\/motorrad.pixelstreet.net\/?page_id=816","title":{"rendered":"13. Tag: Inverness &#8211; Aviemore"},"content":{"rendered":"<p>Wie immer wachen wir fr\u00fch auf&#8230; kein Wunder wenn man Abends schon 21Uhr sich schlafen legt. Erstmal morgendliche Katzenw\u00e4sche und dann gem\u00fctlich im Zelt fr\u00fchst\u00fccken und nebenbei nen Kaffee kochen, Mann mag den Duft vom frischen Kaffee und Frau trinkt ihn gerne \ud83d\ude00<\/p>\n<p>Wie immer ist alles schnell und routiniert verstaut und es kann los gehen.<\/p>\n<p><a href=\"http:\/\/motorrad.pixelstreet.net\/wp-content\/uploads\/2012\/10\/IMG_9855.jpg\"><img loading=\"lazy\" decoding=\"async\" class=\"aligncenter size-medium wp-image-876\" title=\"IMG_9855\" src=\"http:\/\/motorrad.pixelstreet.net\/wp-content\/uploads\/2012\/10\/IMG_9855-300x199.jpg\" alt=\"\" width=\"300\" height=\"199\" srcset=\"http:\/\/motorrad.pixelstreet.net\/wp-content\/uploads\/2012\/10\/IMG_9855-300x199.jpg 300w, http:\/\/motorrad.pixelstreet.net\/wp-content\/uploads\/2012\/10\/IMG_9855.jpg 800w\" sizes=\"(max-width: 300px) 100vw, 300px\" \/><\/a><\/p>\n<p style=\"text-align: center;\">(Frau muss erstmal kontrollieren ob das wirklich schon Loch Ness ist)<\/p>\n<p>Heute soll und die Tour um Loch Ness f\u00fchren, auf der Suche nach Nessi. Wir entscheiden uns f\u00fcr die Richtung entgegen dem Uhrzeigersinn. Wir kommen schnell voran, die Stra\u00dfe ist gut ausgebaut, viele Souvenir Shop\u00b4s entlang der Route nach Fort William. Dann beginnt der sch\u00f6nere Teil der Rundfahrt, die s\u00fcdliche Stra\u00dfe ist kleiner, meist SingleRoad und mit einer sch\u00f6neren Landschaft.<\/p>\n<p><a href=\"http:\/\/motorrad.pixelstreet.net\/wp-content\/uploads\/2012\/10\/IMG_9875.jpg\"><img loading=\"lazy\" decoding=\"async\" class=\"aligncenter size-medium wp-image-877\" title=\"IMG_9875\" src=\"http:\/\/motorrad.pixelstreet.net\/wp-content\/uploads\/2012\/10\/IMG_9875-300x199.jpg\" alt=\"\" width=\"300\" height=\"199\" srcset=\"http:\/\/motorrad.pixelstreet.net\/wp-content\/uploads\/2012\/10\/IMG_9875-300x199.jpg 300w, http:\/\/motorrad.pixelstreet.net\/wp-content\/uploads\/2012\/10\/IMG_9875.jpg 800w\" sizes=\"(max-width: 300px) 100vw, 300px\" \/><\/a><\/p>\n<p>&nbsp;<\/p>\n<p>&nbsp;<\/p>\n<p><img loading=\"lazy\" decoding=\"async\" class=\"alignleft size-medium wp-image-881\" title=\"IMG_9949\" src=\"http:\/\/motorrad.pixelstreet.net\/wp-content\/uploads\/2012\/10\/IMG_9949-300x199.jpg\" alt=\"\" width=\"300\" height=\"199\" srcset=\"http:\/\/motorrad.pixelstreet.net\/wp-content\/uploads\/2012\/10\/IMG_9949-300x199.jpg 300w, http:\/\/motorrad.pixelstreet.net\/wp-content\/uploads\/2012\/10\/IMG_9949.jpg 800w\" sizes=\"(max-width: 300px) 100vw, 300px\" \/><\/p>\n<p>&nbsp;<\/p>\n<p>&nbsp;<\/p>\n<p>&nbsp;<\/p>\n<p>Der See ist einfach atemberaubend, so gro\u00df und wild, das es sogar richtige Wellen gibt, wie auf dem Meer nur nen bissel kleiner.<\/p>\n<p>&nbsp;<\/p>\n<p>&nbsp;<\/p>\n<p>&nbsp;<\/p>\n<p>&nbsp;<\/p>\n<p><a href=\"http:\/\/motorrad.pixelstreet.net\/wp-content\/uploads\/2012\/10\/Schottland-425-von-595.jpg\"><img loading=\"lazy\" decoding=\"async\" class=\"aligncenter size-medium wp-image-882\" title=\"Schottland 425 von 595\" src=\"http:\/\/motorrad.pixelstreet.net\/wp-content\/uploads\/2012\/10\/Schottland-425-von-595-300x199.jpg\" alt=\"\" width=\"300\" height=\"199\" srcset=\"http:\/\/motorrad.pixelstreet.net\/wp-content\/uploads\/2012\/10\/Schottland-425-von-595-300x199.jpg 300w, http:\/\/motorrad.pixelstreet.net\/wp-content\/uploads\/2012\/10\/Schottland-425-von-595.jpg 800w\" sizes=\"(max-width: 300px) 100vw, 300px\" \/><\/a><\/p>\n<p style=\"text-align: center;\">Von dieser Seite hat man auch einen guten Blick auf Urquart Castle.<\/p>\n<p><a href=\"http:\/\/motorrad.pixelstreet.net\/wp-content\/uploads\/2012\/10\/Schottland-426-von-5951.jpg\"><img loading=\"lazy\" decoding=\"async\" class=\"size-medium wp-image-884 alignleft\" title=\"Schottland 426 von 595\" src=\"http:\/\/motorrad.pixelstreet.net\/wp-content\/uploads\/2012\/10\/Schottland-426-von-5951-199x300.jpg\" alt=\"\" width=\"199\" height=\"300\" srcset=\"http:\/\/motorrad.pixelstreet.net\/wp-content\/uploads\/2012\/10\/Schottland-426-von-5951-199x300.jpg 199w, http:\/\/motorrad.pixelstreet.net\/wp-content\/uploads\/2012\/10\/Schottland-426-von-5951.jpg 532w\" sizes=\"(max-width: 199px) 100vw, 199px\" \/><\/a><\/p>\n<p>&nbsp;<\/p>\n<p>&nbsp;<\/p>\n<p>&nbsp;<\/p>\n<p>&nbsp;<\/p>\n<p>&nbsp;<\/p>\n<p>NEIN, das ist nicht das Loch Ness Monster!<\/p>\n<p>&nbsp;<\/p>\n<p>&nbsp;<\/p>\n<p>&nbsp;<\/p>\n<p>&nbsp;<\/p>\n<p>&nbsp;<\/p>\n<p>&nbsp;<\/p>\n<p>Vorbei an den Falls of Foyers ging es weiter zum<a href=\"http:\/\/goo.gl\/maps\/jo90q\" target=\"_blank\"> Culloden Battlefield<\/a> wo die letzte gro\u00dfe Schlacht auf englischem Boden stattfand, im 18. Jahrhundert. Heute steht dort ein Museum und die ehemaligen Kampflinien sind auf dem Feld mit roten und blauen Fahnen markiert<\/p>\n<p><a href=\"http:\/\/motorrad.pixelstreet.net\/wp-content\/uploads\/2012\/10\/Schottland-436-von-595.jpg\"><img loading=\"lazy\" decoding=\"async\" class=\"wp-image-886 alignnone\" title=\"Schottland 436 von 595\" src=\"http:\/\/motorrad.pixelstreet.net\/wp-content\/uploads\/2012\/10\/Schottland-436-von-595-300x199.jpg\" alt=\"\" width=\"270\" height=\"179\" srcset=\"http:\/\/motorrad.pixelstreet.net\/wp-content\/uploads\/2012\/10\/Schottland-436-von-595-300x199.jpg 300w, http:\/\/motorrad.pixelstreet.net\/wp-content\/uploads\/2012\/10\/Schottland-436-von-595.jpg 800w\" sizes=\"(max-width: 270px) 100vw, 270px\" \/><\/a><a href=\"http:\/\/motorrad.pixelstreet.net\/wp-content\/uploads\/2012\/10\/Schottland-434-von-595.jpg\"><img loading=\"lazy\" decoding=\"async\" class=\"alignnone  wp-image-887\" title=\"Schottland 434 von 595\" src=\"http:\/\/motorrad.pixelstreet.net\/wp-content\/uploads\/2012\/10\/Schottland-434-von-595-300x199.jpg\" alt=\"\" width=\"270\" height=\"179\" srcset=\"http:\/\/motorrad.pixelstreet.net\/wp-content\/uploads\/2012\/10\/Schottland-434-von-595-300x199.jpg 300w, http:\/\/motorrad.pixelstreet.net\/wp-content\/uploads\/2012\/10\/Schottland-434-von-595.jpg 800w\" sizes=\"(max-width: 270px) 100vw, 270px\" \/><\/a><\/p>\n<p>Und wenn man mal in der Gegend is, darf nat\u00fcrlich auch ein klein bisschen mystische Kultur nicht fehlen \ud83d\ude00<\/p>\n<p>Die <a href=\"http:\/\/goo.gl\/maps\/ckmWr\" target=\"_blank\">Steinkreise von Culloden<\/a> (Stonehenge steht f\u00fchr\u00b4s n\u00e4chste Mal auf der Liste)<\/p>\n<p><a href=\"http:\/\/motorrad.pixelstreet.net\/wp-content\/uploads\/2012\/10\/Schottland-438-von-595.jpg\"><img loading=\"lazy\" decoding=\"async\" class=\"aligncenter size-medium wp-image-888\" title=\"Schottland 438 von 595\" src=\"http:\/\/motorrad.pixelstreet.net\/wp-content\/uploads\/2012\/10\/Schottland-438-von-595-300x199.jpg\" alt=\"\" width=\"300\" height=\"199\" srcset=\"http:\/\/motorrad.pixelstreet.net\/wp-content\/uploads\/2012\/10\/Schottland-438-von-595-300x199.jpg 300w, http:\/\/motorrad.pixelstreet.net\/wp-content\/uploads\/2012\/10\/Schottland-438-von-595.jpg 800w\" sizes=\"(max-width: 300px) 100vw, 300px\" \/><\/a><\/p>\n<p>Wir fahren weiter Richtung Edinburgh. Da wir genug Zeit haben machen wir halt in Aviemore. Dort begegnen uns sehr viele Biker. Irgendwelche bekannten Biker kamen aus den Flitterwochen und haben dort ein riesiges Bikertreffen veranstaltet.<\/p>\n<p>Schnell eingekauft und ab zum<a href=\"http:\/\/goo.gl\/maps\/rf7BH\" target=\"_blank\"> Zeltplatz<\/a>&#8230; hoffentlich is noch nen Pl\u00e4tzchen frei f\u00fcr uns.<\/p>\n<p>Leider muss man im Nachblick der Reise sagen: es war der schlechteste (wegen den Midges) Zeltplatz und einer der teuersten mit 18 Pfund! Ein kleines St\u00fcck au\u00dferhalb von Aviemore in einem kleinen Waldst\u00fcck gelegen. Ein Paradies f\u00fcr Midges, Tausenden&#8230; Millionen&#8230; ach Billionen und alle wollten nur zu uns. Die Sanit\u00e4reinrichtungen waren jedoch die besten auf der Tour.<\/p>\n<p>Zum Gl\u00fcck hatten wir unsere Abendbrot schon in der Stadt gegessen und ich musste nicht drau\u00dfen kochen.<\/p>\n<p>&nbsp;<\/p>\n<p><a href=\"http:\/\/motorrad.pixelstreet.net\/wp-content\/uploads\/2012\/10\/IMG_0653-2.jpg\"><img loading=\"lazy\" decoding=\"async\" class=\"aligncenter size-medium wp-image-890\" title=\"IMG_0653 (2)\" src=\"http:\/\/motorrad.pixelstreet.net\/wp-content\/uploads\/2012\/10\/IMG_0653-2-300x223.jpg\" alt=\"\" width=\"300\" height=\"223\" srcset=\"http:\/\/motorrad.pixelstreet.net\/wp-content\/uploads\/2012\/10\/IMG_0653-2-300x223.jpg 300w, http:\/\/motorrad.pixelstreet.net\/wp-content\/uploads\/2012\/10\/IMG_0653-2.jpg 800w\" sizes=\"(max-width: 300px) 100vw, 300px\" \/><\/a><\/p>\n<p>&nbsp;<\/p>\n<p style=\"text-align: center;\"><strong><a title=\"14. Tag: Aviemore \u2013 Edinburgh\" href=\"http:\/\/motorrad.pixelstreet.net\/?page_id=818\">\u00a0<span style=\"color: #3366ff;\">Weiter zum N\u00e4chsten Tag &#8212;&gt;<\/span><\/a><\/strong><\/p>\n","protected":false},"excerpt":{"rendered":"<p>Wie immer wachen wir fr\u00fch auf&#8230; kein Wunder wenn man Abends schon 21Uhr sich schlafen legt. Erstmal morgendliche Katzenw\u00e4sche und dann gem\u00fctlich im Zelt fr\u00fchst\u00fccken und nebenbei nen Kaffee kochen, Mann mag den Duft vom frischen Kaffee und Frau trinkt ihn gerne \ud83d\ude00 Wie immer ist alles schnell und routiniert verstaut und es kann los &hellip; <\/p>\n<p><a class=\"more-link btn\" href=\"http:\/\/motorrad.pixelstreet.net\/?page_id=816\">Weiterlesen<\/a><\/p>\n","protected":false},"author":3,"featured_media":0,"parent":130,"menu_order":2,"comment_status":"open","ping_status":"open","template":"","meta":{"ngg_post_thumbnail":0,"footnotes":""},"class_list":["post-816","page","type-page","status-publish","hentry","nodate","item-wrap"],"_links":{"self":[{"href":"http:\/\/motorrad.pixelstreet.net\/index.php?rest_route=\/wp\/v2\/pages\/816"}],"collection":[{"href":"http:\/\/motorrad.pixelstreet.net\/index.php?rest_route=\/wp\/v2\/pages"}],"about":[{"href":"http:\/\/motorrad.pixelstreet.net\/index.php?rest_route=\/wp\/v2\/types\/page"}],"author":[{"embeddable":true,"href":"http:\/\/motorrad.pixelstreet.net\/index.php?rest_route=\/wp\/v2\/users\/3"}],"replies":[{"embeddable":true,"href":"http:\/\/motorrad.pixelstreet.net\/index.php?rest_route=%2Fwp%2Fv2%2Fcomments&post=816"}],"version-history":[{"count":8,"href":"http:\/\/motorrad.pixelstreet.net\/index.php?rest_route=\/wp\/v2\/pages\/816\/revisions"}],"predecessor-version":[{"id":971,"href":"http:\/\/motorrad.pixelstreet.net\/index.php?rest_route=\/wp\/v2\/pages\/816\/revisions\/971"}],"up":[{"embeddable":true,"href":"http:\/\/motorrad.pixelstreet.net\/index.php?rest_route=\/wp\/v2\/pages\/130"}],"wp:attachment":[{"href":"http:\/\/motorrad.pixelstreet.net\/index.php?rest_route=%2Fwp%2Fv2%2Fmedia&parent=816"}],"curies":[{"name":"wp","href":"https:\/\/api.w.org\/{rel}","templated":true}]}}