{"id":818,"date":"2012-10-05T16:15:09","date_gmt":"2012-10-05T16:15:09","guid":{"rendered":"http:\/\/motorrad.pixelstreet.net\/?page_id=818"},"modified":"2012-10-06T09:21:23","modified_gmt":"2012-10-06T09:21:23","slug":"14-tag-aviemore-edinburgh","status":"publish","type":"page","link":"http:\/\/motorrad.pixelstreet.net\/?page_id=818","title":{"rendered":"14. Tag: Aviemore &#8211; Edinburgh"},"content":{"rendered":"<p><a style=\"color: #074d7c; cursor: pointer;\" href=\"http:\/\/motorrad.pixelstreet.net\/wp-content\/uploads\/2012\/10\/IMG_0654-2.jpg\"><img loading=\"lazy\" decoding=\"async\" class=\"size-medium wp-image-895 alignright\" title=\"IMG_0654 (2)\" src=\"http:\/\/motorrad.pixelstreet.net\/wp-content\/uploads\/2012\/10\/IMG_0654-2-300x223.jpg\" alt=\"\" width=\"300\" height=\"223\" srcset=\"http:\/\/motorrad.pixelstreet.net\/wp-content\/uploads\/2012\/10\/IMG_0654-2-300x223.jpg 300w, http:\/\/motorrad.pixelstreet.net\/wp-content\/uploads\/2012\/10\/IMG_0654-2.jpg 800w\" sizes=\"(max-width: 300px) 100vw, 300px\" \/><\/a><\/p>\n<p>&nbsp;<\/p>\n<p>Fr\u00fch aufgewacht erkannte man die ganze Midgesplage deutlich am Zelt Himmel. Da die warme Atemluft nachts an der\u00a0Zelt Innenwand\u00a0kondensiert, klebten dort hunderte der Viecher.<\/p>\n<p>&nbsp;<\/p>\n<p>&nbsp;<\/p>\n<p>&nbsp;<\/p>\n<p>&nbsp;<\/p>\n<p>&nbsp;<\/p>\n<p>Auch beim Einpacken nervten die Plagegeister tierisch&#8230;<\/p>\n<p>Dann ging es zur<a href=\"http:\/\/goo.gl\/maps\/SYmUc\" target=\"_blank\"> Edradour Distillery<\/a>, die kleine legale Distille in Schottland. Klar wenn man im Geburtsland des Whiskeys is, muss man eine Distille auch mal von innen sehen. An der Kasse wurden wir dann auch gleich in deutsch begr\u00fc\u00dft, anhand der Visa-Karte mit der ich bezahlte erkannte uns die Frau vom Chef, die kassierte. In dem ganzen Betrieb arbeiten jeher nur 8 Leute, klar das da jeder anpackt.<\/p>\n<p><a href=\"http:\/\/motorrad.pixelstreet.net\/wp-content\/uploads\/2012\/10\/Schottland-445-von-595.jpg\"><img loading=\"lazy\" decoding=\"async\" class=\"alignleft size-medium wp-image-897\" title=\"Schottland 445 von 595\" src=\"http:\/\/motorrad.pixelstreet.net\/wp-content\/uploads\/2012\/10\/Schottland-445-von-595-300x199.jpg\" alt=\"\" width=\"300\" height=\"199\" srcset=\"http:\/\/motorrad.pixelstreet.net\/wp-content\/uploads\/2012\/10\/Schottland-445-von-595-300x199.jpg 300w, http:\/\/motorrad.pixelstreet.net\/wp-content\/uploads\/2012\/10\/Schottland-445-von-595.jpg 800w\" sizes=\"(max-width: 300px) 100vw, 300px\" \/><\/a><\/p>\n<p>&nbsp;<\/p>\n<p>Wir konnten sogar hauseigene Produkte probieren, einen Whiskey gleich nach der Destillation, einen 10 J\u00e4hrigen und einen Lik\u00f6r, wobei uns beiden der Letztere am besten geschmeckt hat. Im Lager wurde einem ganz wohlig zumute. Die F\u00e4sser verlieren je 10 Jahre Lagerung 1\/4 ihres Inhaltes (der Engel\u00b4s Tropfen) und das roch mach auch, ein sehr angenehmer Geruch.<\/p>\n<p>&nbsp;<\/p>\n<p>&nbsp;<\/p>\n<p>&nbsp;<\/p>\n<p><a href=\"http:\/\/motorrad.pixelstreet.net\/wp-content\/uploads\/2012\/10\/IMG_0025.jpg\"><img loading=\"lazy\" decoding=\"async\" class=\"aligncenter size-medium wp-image-898\" title=\"IMG_0025\" src=\"http:\/\/motorrad.pixelstreet.net\/wp-content\/uploads\/2012\/10\/IMG_0025-199x300.jpg\" alt=\"\" width=\"199\" height=\"300\" srcset=\"http:\/\/motorrad.pixelstreet.net\/wp-content\/uploads\/2012\/10\/IMG_0025-199x300.jpg 199w, http:\/\/motorrad.pixelstreet.net\/wp-content\/uploads\/2012\/10\/IMG_0025.jpg 533w\" sizes=\"(max-width: 199px) 100vw, 199px\" \/><\/a><\/p>\n<p>Auch die Halle mit den gro\u00dfen Brennblasen war beeindruckend, der Maischebottich war schon 100 Jahre alt.\u00a0Es ist eine der letzten kleine Distillen in Schottland. Fr\u00fcher gab es in jeder gro\u00dfen Gemeinschaft eine, wo die Bauern ihr Getreide hin brachten und daf\u00fcr ein bisschen Schottenwasser bekamen.<\/p>\n<p>Nach diesem Stop ging es weiter nach Edinburgh wo wir eine <a href=\"http:\/\/goo.gl\/maps\/5IGfp\" target=\"_blank\">B&amp;B Unterkunft<\/a> schon von Deutschland aus gebucht hatten. Die Bikes haben f\u00fcr 2 Tage erstmal Pause. Das Zimmer im Reihenhaus war spartanisch aber gem\u00fctlich. eine kleine Dusche im extra Zimmer nur f\u00fcr uns, alles mit Teppich ausgelegt und mit Blick \u00fcber die H\u00e4user, sehr ruhig. Erstmal auspacken und ne Dusche nehmen, das tat gut.<\/p>\n<p>Was echt cool war, wir hatten ne Bushaltestelle direkt neben der Haust\u00fcr und die Linie fuhr auch direkt ins Zentrum. Bequemer ging es wirklich nicht. Erstmal ein bisschen Stadtbummel&#8230; bis Abends 21Uhr wo wir Karten f\u00fcr\u00b4s Edinburgh Military Tattoo hatten.<\/p>\n<p>Frau wollte erstmal den hiesigen Klamottenladen checken, die Ausgehschuhe waren w\u00e4hrend der Fahrt total nass geworden und lie\u00dfen sich auch nicht mehr trocknen, also war Schuh-Shopping angesagt \ud83d\ude00<\/p>\n<p><a href=\"http:\/\/motorrad.pixelstreet.net\/wp-content\/uploads\/2012\/10\/Schottland-463-von-595.jpg\"><img loading=\"lazy\" decoding=\"async\" class=\"aligncenter size-thumbnail wp-image-902\" title=\"Schottland 463 von 595\" src=\"http:\/\/motorrad.pixelstreet.net\/wp-content\/uploads\/2012\/10\/Schottland-463-von-595-150x150.jpg\" alt=\"\" width=\"150\" height=\"150\" \/><\/a><\/p>\n<p>Gleichzeitig zum Military Tattoo war auch noch das Fringe Festival in der Stadt, weshalb in der Altstadt und drumrum \u00fcberall K\u00fcnstler Shows zeigten, echt cool!<\/p>\n<p><a href=\"http:\/\/motorrad.pixelstreet.net\/wp-content\/uploads\/2012\/10\/IMG_0105.jpg\"><img loading=\"lazy\" decoding=\"async\" class=\"alignnone size-thumbnail wp-image-903\" title=\"IMG_0105\" src=\"http:\/\/motorrad.pixelstreet.net\/wp-content\/uploads\/2012\/10\/IMG_0105-150x150.jpg\" alt=\"\" width=\"150\" height=\"150\" \/><\/a><a href=\"http:\/\/motorrad.pixelstreet.net\/wp-content\/uploads\/2012\/10\/IMG_0100.jpg\"><img loading=\"lazy\" decoding=\"async\" class=\"alignnone size-thumbnail wp-image-904\" title=\"IMG_0100\" src=\"http:\/\/motorrad.pixelstreet.net\/wp-content\/uploads\/2012\/10\/IMG_0100-150x150.jpg\" alt=\"\" width=\"150\" height=\"150\" \/><\/a><\/p>\n<p>Dann ging es hinauf zum Edinburgh Castle, wo auf dem Vorplatz eine stadionartige Trib\u00fcne aufegbaut wurde, immer f\u00fcr 1 Monat f\u00fcr das Tattoo.<\/p>\n<p><a href=\"http:\/\/motorrad.pixelstreet.net\/wp-content\/uploads\/2012\/10\/Schottland-481-von-595.jpg\"><img loading=\"lazy\" decoding=\"async\" class=\"aligncenter size-medium wp-image-907\" title=\"Schottland 481 von 595\" src=\"http:\/\/motorrad.pixelstreet.net\/wp-content\/uploads\/2012\/10\/Schottland-481-von-595-300x199.jpg\" alt=\"\" width=\"300\" height=\"199\" srcset=\"http:\/\/motorrad.pixelstreet.net\/wp-content\/uploads\/2012\/10\/Schottland-481-von-595-300x199.jpg 300w, http:\/\/motorrad.pixelstreet.net\/wp-content\/uploads\/2012\/10\/Schottland-481-von-595.jpg 800w\" sizes=\"(max-width: 300px) 100vw, 300px\" \/><\/a><\/p>\n<p>Die Kulisse war cool, das Stadion direkt vor der Burg und als die Show lief bekam man echt G\u00e4nsehaut, all die Dudelsack-Spieler&#8230; gigantisch!!!<\/p>\n<p><a href=\"http:\/\/motorrad.pixelstreet.net\/wp-content\/uploads\/2012\/10\/Schottland-486-von-595.jpg\"><img loading=\"lazy\" decoding=\"async\" class=\"aligncenter size-medium wp-image-908\" title=\"Schottland 486 von 595\" src=\"http:\/\/motorrad.pixelstreet.net\/wp-content\/uploads\/2012\/10\/Schottland-486-von-595-300x199.jpg\" alt=\"\" width=\"300\" height=\"199\" srcset=\"http:\/\/motorrad.pixelstreet.net\/wp-content\/uploads\/2012\/10\/Schottland-486-von-595-300x199.jpg 300w, http:\/\/motorrad.pixelstreet.net\/wp-content\/uploads\/2012\/10\/Schottland-486-von-595.jpg 800w\" sizes=\"(max-width: 300px) 100vw, 300px\" \/><\/a><\/p>\n<p>Wann man mal dort ist, im August sollte man sich dieses Event auf gar keinen Fall entgehen lassen!<\/p>\n<p>&nbsp;<\/p>\n<p>&nbsp;<\/p>\n<p style=\"text-align: center;\"><span style=\"color: #3366ff;\"><strong><a title=\"15. Tag: Edinburgh\" href=\"http:\/\/motorrad.pixelstreet.net\/?page_id=820\"><span style=\"color: #3366ff;\">\u00a0W<\/span><\/a><\/strong><strong><a title=\"15. Tag: Edinburgh\" href=\"http:\/\/motorrad.pixelstreet.net\/?page_id=820\"><span style=\"color: #3366ff;\">eiter zum n\u00e4chsten Tag &#8212;&gt;<\/span><\/a><\/strong><\/span><\/p>\n<p style=\"text-align: center;\"><span style=\"color: #3366ff;\"><br \/>\n<\/span><\/p>\n","protected":false},"excerpt":{"rendered":"<p>&nbsp; Fr\u00fch aufgewacht erkannte man die ganze Midgesplage deutlich am Zelt Himmel. Da die warme Atemluft nachts an der\u00a0Zelt Innenwand\u00a0kondensiert, klebten dort hunderte der Viecher. &nbsp; &nbsp; &nbsp; &nbsp; &nbsp; Auch beim Einpacken nervten die Plagegeister tierisch&#8230; Dann ging es zur Edradour Distillery, die kleine legale Distille in Schottland. Klar wenn man im Geburtsland des &hellip; <\/p>\n<p><a class=\"more-link btn\" href=\"http:\/\/motorrad.pixelstreet.net\/?page_id=818\">Weiterlesen<\/a><\/p>\n","protected":false},"author":3,"featured_media":0,"parent":130,"menu_order":2,"comment_status":"open","ping_status":"open","template":"","meta":{"ngg_post_thumbnail":0,"footnotes":""},"class_list":["post-818","page","type-page","status-publish","hentry","nodate","item-wrap"],"_links":{"self":[{"href":"http:\/\/motorrad.pixelstreet.net\/index.php?rest_route=\/wp\/v2\/pages\/818"}],"collection":[{"href":"http:\/\/motorrad.pixelstreet.net\/index.php?rest_route=\/wp\/v2\/pages"}],"about":[{"href":"http:\/\/motorrad.pixelstreet.net\/index.php?rest_route=\/wp\/v2\/types\/page"}],"author":[{"embeddable":true,"href":"http:\/\/motorrad.pixelstreet.net\/index.php?rest_route=\/wp\/v2\/users\/3"}],"replies":[{"embeddable":true,"href":"http:\/\/motorrad.pixelstreet.net\/index.php?rest_route=%2Fwp%2Fv2%2Fcomments&post=818"}],"version-history":[{"count":10,"href":"http:\/\/motorrad.pixelstreet.net\/index.php?rest_route=\/wp\/v2\/pages\/818\/revisions"}],"predecessor-version":[{"id":972,"href":"http:\/\/motorrad.pixelstreet.net\/index.php?rest_route=\/wp\/v2\/pages\/818\/revisions\/972"}],"up":[{"embeddable":true,"href":"http:\/\/motorrad.pixelstreet.net\/index.php?rest_route=\/wp\/v2\/pages\/130"}],"wp:attachment":[{"href":"http:\/\/motorrad.pixelstreet.net\/index.php?rest_route=%2Fwp%2Fv2%2Fmedia&parent=818"}],"curies":[{"name":"wp","href":"https:\/\/api.w.org\/{rel}","templated":true}]}}