{"id":822,"date":"2012-10-06T07:18:06","date_gmt":"2012-10-06T07:18:06","guid":{"rendered":"http:\/\/motorrad.pixelstreet.net\/?page_id=822"},"modified":"2012-10-06T09:21:47","modified_gmt":"2012-10-06T09:21:47","slug":"16-tag-edinburgh-haxham","status":"publish","type":"page","link":"http:\/\/motorrad.pixelstreet.net\/?page_id=822","title":{"rendered":"16. Tag: Edinburgh &#8211; Haxham"},"content":{"rendered":"<p><a style=\"color: #074d7c; cursor: pointer;\" href=\"http:\/\/motorrad.pixelstreet.net\/wp-content\/uploads\/2012\/10\/IMG_0268.jpg\"><img loading=\"lazy\" decoding=\"async\" class=\"size-medium wp-image-933 alignleft\" title=\"IMG_0268\" src=\"http:\/\/motorrad.pixelstreet.net\/wp-content\/uploads\/2012\/10\/IMG_0268-300x199.jpg\" alt=\"\" width=\"300\" height=\"199\" srcset=\"http:\/\/motorrad.pixelstreet.net\/wp-content\/uploads\/2012\/10\/IMG_0268-300x199.jpg 300w, http:\/\/motorrad.pixelstreet.net\/wp-content\/uploads\/2012\/10\/IMG_0268.jpg 800w\" sizes=\"(max-width: 300px) 100vw, 300px\" \/><\/a><\/p>\n<p>Die anderthalb Tage vergingen sehr schnell, leider, aber wir freuten uns auch wieder zu fahren. Wir verlie\u00dfen Edinburgh Richtung S\u00fcden. In der Ferne sah man einen kleinen Berg von wo aus man bestimmt eine tolle Aussicht \u00fcber die Gegend hat. Doch als wir n\u00e4her kamen endete der Weg und man h\u00e4tte noch ein paar Kilometer zu Fu\u00df zur\u00fccklegen m\u00fcssen. Dazu hatte Mann keine Lust \/ war am Morgen zu faul dazu \ud83d\ude00 Dennoch bot der Parkplatz eine nette Kulisse:<\/p>\n<p>&nbsp;<\/p>\n<p>&nbsp;<\/p>\n<p>Unser n\u00e4chstes Ziel war die <a href=\"http:\/\/goo.gl\/maps\/rJckF\" target=\"_blank\">Melrose Abbey<\/a>. Die Beschreibung im Reisef\u00fchrer klang so sch\u00f6n das wir sie uns mal ansehen wollten und wir m\u00fcssen zugeben, er hat nicht \u00fcbertrieben:<\/p>\n<p>&nbsp;<\/p>\n<p><a href=\"http:\/\/motorrad.pixelstreet.net\/wp-content\/uploads\/2012\/10\/IMG_0271.jpg\"><img loading=\"lazy\" decoding=\"async\" class=\"aligncenter size-medium wp-image-934\" title=\"IMG_0271\" src=\"http:\/\/motorrad.pixelstreet.net\/wp-content\/uploads\/2012\/10\/IMG_0271-300x199.jpg\" alt=\"\" width=\"300\" height=\"199\" srcset=\"http:\/\/motorrad.pixelstreet.net\/wp-content\/uploads\/2012\/10\/IMG_0271-300x199.jpg 300w, http:\/\/motorrad.pixelstreet.net\/wp-content\/uploads\/2012\/10\/IMG_0271.jpg 800w\" sizes=\"(max-width: 300px) 100vw, 300px\" \/><\/a><\/p>\n<p>Neben einem Spielplatz, ausserhalb des Zaunes um die Abbey herrum, \u00fcbte ein Dudelsackspieler. Ihm lauschten wir eine Weile. machten Fotos und genossen die Sonne.<\/p>\n<p style=\"text-align: center;\">Nach einem Eis ging es gest\u00e4rkt weiter \ud83d\ude42<\/p>\n<p><a href=\"http:\/\/motorrad.pixelstreet.net\/wp-content\/uploads\/2012\/10\/Schottland-527-von-595.jpg\"><img loading=\"lazy\" decoding=\"async\" class=\"alignright size-medium wp-image-935\" title=\"Schottland 527 von 595\" src=\"http:\/\/motorrad.pixelstreet.net\/wp-content\/uploads\/2012\/10\/Schottland-527-von-595-300x199.jpg\" alt=\"\" width=\"300\" height=\"199\" srcset=\"http:\/\/motorrad.pixelstreet.net\/wp-content\/uploads\/2012\/10\/Schottland-527-von-595-300x199.jpg 300w, http:\/\/motorrad.pixelstreet.net\/wp-content\/uploads\/2012\/10\/Schottland-527-von-595.jpg 800w\" sizes=\"(max-width: 300px) 100vw, 300px\" \/><\/a><\/p>\n<p>&nbsp;<\/p>\n<p>&nbsp;<\/p>\n<p>Das Land wurde immer welliger. Wenn man nicht bremste kam es einem wie auf nem Parabelflug vor, man gab Bergab Gas und wieder oben an der Kuppe angekommen f\u00fchlte man sich leichter. So ging es etliche Kilometer, ein flaues, aber lustiges Gef\u00fchl in der Magen Gegend.<\/p>\n<p>&nbsp;<\/p>\n<p>&nbsp;<\/p>\n<p>&nbsp;<\/p>\n<p>Wir kamen zur <a href=\"http:\/\/goo.gl\/maps\/ArLuR\" target=\"_blank\">Grenze Schottland \/ England<\/a>. Gelegen auf einem H\u00fcgel. Ein kleiner Imbiss, viele Biker und auch nen Reisebus. Scheint nen beliebter Ausflugstreff zu sein.<\/p>\n<p>&nbsp;<\/p>\n<p>Und was geh\u00f6rt zu einer Grenze? Na klar, nen Grenzstein und was f\u00fcr einer:<\/p>\n<p><a href=\"http:\/\/motorrad.pixelstreet.net\/wp-content\/uploads\/2012\/10\/IMG_0333.jpg\"><img loading=\"lazy\" decoding=\"async\" class=\" wp-image-939 alignnone\" title=\"IMG_0333\" src=\"http:\/\/motorrad.pixelstreet.net\/wp-content\/uploads\/2012\/10\/IMG_0333-199x300.jpg\" alt=\"\" width=\"179\" height=\"270\" srcset=\"http:\/\/motorrad.pixelstreet.net\/wp-content\/uploads\/2012\/10\/IMG_0333-199x300.jpg 199w, http:\/\/motorrad.pixelstreet.net\/wp-content\/uploads\/2012\/10\/IMG_0333.jpg 533w\" sizes=\"(max-width: 179px) 100vw, 179px\" \/><\/a><a href=\"http:\/\/motorrad.pixelstreet.net\/wp-content\/uploads\/2012\/10\/Schottland-529-von-595.jpg\"><img loading=\"lazy\" decoding=\"async\" class=\"alignnone  wp-image-938\" title=\"Schottland 529 von 595\" src=\"http:\/\/motorrad.pixelstreet.net\/wp-content\/uploads\/2012\/10\/Schottland-529-von-595-199x300.jpg\" alt=\"\" width=\"179\" height=\"270\" srcset=\"http:\/\/motorrad.pixelstreet.net\/wp-content\/uploads\/2012\/10\/Schottland-529-von-595-199x300.jpg 199w, http:\/\/motorrad.pixelstreet.net\/wp-content\/uploads\/2012\/10\/Schottland-529-von-595.jpg 532w\" sizes=\"(max-width: 179px) 100vw, 179px\" \/><\/a><\/p>\n<p>Ein Kaffee f\u00fcr die Frau und ein Burger f\u00fcr den Mann sp\u00e4ter ging es weiter Richtung Haxham, <a href=\"http:\/\/goo.gl\/maps\/iltZU\" target=\"_blank\">einen Zeltplatz<\/a> f\u00fcr die Nacht suchen. Wir folgten der Beschilderung doch kurz vor unserem Ziel stand auf einmal: FULL, No Tents, No Caravans&#8230; Naja wir waren so weit in der Pampa da wollten wir wenigstens fragen wo der n\u00e4chste Zeltplatz ist. Dort angekommen fragten wir ob es nicht doch ein winziges Fleckchen Wiese f\u00fcr uns gibt und siehe da: wir hatten Gl\u00fcck. Das freie St\u00fcck war zwar etwas durchn\u00e4sst und matschig, f\u00fcr eine Nacht aber kein Problem.<\/p>\n<p>&nbsp;<\/p>\n<p style=\"text-align: center;\"><span style=\"color: #3366ff;\"><strong><a title=\"17. Tag: Haxham \u2013 York\" href=\"http:\/\/motorrad.pixelstreet.net\/?page_id=824\"><span style=\"color: #3366ff;\">\u00a0Weiter zum n\u00e4chsten Tag &#8211;&gt;<\/span><\/a><\/strong><\/span><\/p>\n","protected":false},"excerpt":{"rendered":"<p>Die anderthalb Tage vergingen sehr schnell, leider, aber wir freuten uns auch wieder zu fahren. Wir verlie\u00dfen Edinburgh Richtung S\u00fcden. In der Ferne sah man einen kleinen Berg von wo aus man bestimmt eine tolle Aussicht \u00fcber die Gegend hat. Doch als wir n\u00e4her kamen endete der Weg und man h\u00e4tte noch ein paar Kilometer &hellip; <\/p>\n<p><a class=\"more-link btn\" href=\"http:\/\/motorrad.pixelstreet.net\/?page_id=822\">Weiterlesen<\/a><\/p>\n","protected":false},"author":3,"featured_media":0,"parent":130,"menu_order":2,"comment_status":"open","ping_status":"open","template":"","meta":{"ngg_post_thumbnail":0,"footnotes":""},"class_list":["post-822","page","type-page","status-publish","hentry","nodate","item-wrap"],"_links":{"self":[{"href":"http:\/\/motorrad.pixelstreet.net\/index.php?rest_route=\/wp\/v2\/pages\/822"}],"collection":[{"href":"http:\/\/motorrad.pixelstreet.net\/index.php?rest_route=\/wp\/v2\/pages"}],"about":[{"href":"http:\/\/motorrad.pixelstreet.net\/index.php?rest_route=\/wp\/v2\/types\/page"}],"author":[{"embeddable":true,"href":"http:\/\/motorrad.pixelstreet.net\/index.php?rest_route=\/wp\/v2\/users\/3"}],"replies":[{"embeddable":true,"href":"http:\/\/motorrad.pixelstreet.net\/index.php?rest_route=%2Fwp%2Fv2%2Fcomments&post=822"}],"version-history":[{"count":7,"href":"http:\/\/motorrad.pixelstreet.net\/index.php?rest_route=\/wp\/v2\/pages\/822\/revisions"}],"predecessor-version":[{"id":974,"href":"http:\/\/motorrad.pixelstreet.net\/index.php?rest_route=\/wp\/v2\/pages\/822\/revisions\/974"}],"up":[{"embeddable":true,"href":"http:\/\/motorrad.pixelstreet.net\/index.php?rest_route=\/wp\/v2\/pages\/130"}],"wp:attachment":[{"href":"http:\/\/motorrad.pixelstreet.net\/index.php?rest_route=%2Fwp%2Fv2%2Fmedia&parent=822"}],"curies":[{"name":"wp","href":"https:\/\/api.w.org\/{rel}","templated":true}]}}