{"id":824,"date":"2012-10-06T07:48:48","date_gmt":"2012-10-06T07:48:48","guid":{"rendered":"http:\/\/motorrad.pixelstreet.net\/?page_id=824"},"modified":"2012-10-06T09:22:52","modified_gmt":"2012-10-06T09:22:52","slug":"17-tag-haxham-york","status":"publish","type":"page","link":"http:\/\/motorrad.pixelstreet.net\/?page_id=824","title":{"rendered":"17. Tag: Haxham &#8211; York"},"content":{"rendered":"<p>Fr\u00fcher hasste Mann es, das mich meine Eltern zu Kulturst\u00e4tten mitgeschleift haben: Museen anguggen..alte Schl\u00f6sser, irgendwann hatte ich echt die Nase voll. Jetzt wo ich alles selber planen kann, vorher recherchieren, da mach ich sowas gerne.<\/p>\n<p><a href=\"http:\/\/motorrad.pixelstreet.net\/wp-content\/uploads\/2012\/10\/IMG_0348.jpg\"><img loading=\"lazy\" decoding=\"async\" class=\"alignright size-medium wp-image-942\" title=\"IMG_0348\" src=\"http:\/\/motorrad.pixelstreet.net\/wp-content\/uploads\/2012\/10\/IMG_0348-300x199.jpg\" alt=\"\" width=\"300\" height=\"199\" srcset=\"http:\/\/motorrad.pixelstreet.net\/wp-content\/uploads\/2012\/10\/IMG_0348-300x199.jpg 300w, http:\/\/motorrad.pixelstreet.net\/wp-content\/uploads\/2012\/10\/IMG_0348.jpg 800w\" sizes=\"(max-width: 300px) 100vw, 300px\" \/><\/a><\/p>\n<p>&nbsp;<\/p>\n<p>Also ging es an diesem Tag zum &#8222;Hadrian\u00b4s Wall&#8220;, der die R\u00f6mer von den B\u00f6sen Barbaren im Norden trennte. Naja heute ist davon nicht mehr viel zu sehen als einige Ausgrabungen der Forts entlang der Mauer.<\/p>\n<p>&nbsp;<\/p>\n<p>&nbsp;<\/p>\n<p>&nbsp;<\/p>\n<p>&nbsp;<\/p>\n<p>&nbsp;<\/p>\n<p>Weiter ging es nach York. Gro\u00dfe Kathedralen sind es, nach alten Castle Ruinen, die Mann sich am liebsten anschaut, dicht gefolgt nach Bunkern \ud83d\ude00 Da durfte also York auf der Tour nicht fehlen. Eigentlich wollten wir uns einen Zeltplatz suchen, unsere W\u00e4sche waschen und dann die Stadt erkunden, doch im Zentrum entdeckten wir ein Youth Hostel. Kurze \u00dcberlegung was wir machen wollen: Zeltplatz oder feste Unterkunft. Da unser Budget noch ein klein bisschen Spielraum zulie\u00df entschieden wir uns f\u00fcr das <a href=\"http:\/\/goo.gl\/maps\/q4aRx\" target=\"_blank\">Youth Hostel.<\/a>\u00a0(49 Pfund, 2 P. + Fr\u00fchst\u00fcck)\u00a0Nachdem unsere W\u00e4sche gewaschen + getrocknet war ging es in die Stadt.<\/p>\n<p>&nbsp;<\/p>\n<p><a href=\"http:\/\/motorrad.pixelstreet.net\/wp-content\/uploads\/2012\/10\/Schottland-538-von-595.jpg\"><img loading=\"lazy\" decoding=\"async\" class=\"aligncenter size-medium wp-image-944\" title=\"Schottland 538 von 595\" src=\"http:\/\/motorrad.pixelstreet.net\/wp-content\/uploads\/2012\/10\/Schottland-538-von-595-199x300.jpg\" alt=\"\" width=\"199\" height=\"300\" srcset=\"http:\/\/motorrad.pixelstreet.net\/wp-content\/uploads\/2012\/10\/Schottland-538-von-595-199x300.jpg 199w, http:\/\/motorrad.pixelstreet.net\/wp-content\/uploads\/2012\/10\/Schottland-538-von-595.jpg 532w\" sizes=\"(max-width: 199px) 100vw, 199px\" \/><\/a><\/p>\n<p style=\"text-align: center;\">Wir parkten in der N\u00e4he vom Minster. Es regnete\u00a0immer noch.<\/p>\n<p style=\"text-align: left;\"><a href=\"http:\/\/motorrad.pixelstreet.net\/wp-content\/uploads\/2012\/10\/IMG_0382.jpg\"><img loading=\"lazy\" decoding=\"async\" class=\"alignleft size-medium wp-image-943\" title=\"IMG_0382\" src=\"http:\/\/motorrad.pixelstreet.net\/wp-content\/uploads\/2012\/10\/IMG_0382-199x300.jpg\" alt=\"\" width=\"199\" height=\"300\" srcset=\"http:\/\/motorrad.pixelstreet.net\/wp-content\/uploads\/2012\/10\/IMG_0382-199x300.jpg 199w, http:\/\/motorrad.pixelstreet.net\/wp-content\/uploads\/2012\/10\/IMG_0382.jpg 533w\" sizes=\"(max-width: 199px) 100vw, 199px\" \/><\/a>Wir schlenderten durch die Altstadt, a\u00dfen einen sehr leckeren Burger, machten noch ein paar Fotos und fuhren dann zum Hostel zur\u00fcck.<\/p>\n<p style=\"text-align: left;\"><a href=\"http:\/\/motorrad.pixelstreet.net\/wp-content\/uploads\/2012\/10\/Schottland-545-von-595.jpg\"><img loading=\"lazy\" decoding=\"async\" class=\"alignright size-medium wp-image-945\" title=\"Schottland 545 von 595\" src=\"http:\/\/motorrad.pixelstreet.net\/wp-content\/uploads\/2012\/10\/Schottland-545-von-595-199x300.jpg\" alt=\"\" width=\"199\" height=\"300\" srcset=\"http:\/\/motorrad.pixelstreet.net\/wp-content\/uploads\/2012\/10\/Schottland-545-von-595-199x300.jpg 199w, http:\/\/motorrad.pixelstreet.net\/wp-content\/uploads\/2012\/10\/Schottland-545-von-595.jpg 532w\" sizes=\"(max-width: 199px) 100vw, 199px\" \/><\/a><\/p>\n<p style=\"text-align: left;\">Als wir grade eingeschlafen sind, weckte uns der Feueralarm, schlaftrunken wollten wir schon aufstehn als dieser erlosch und man drau\u00dfes heftiges geschipfe h\u00f6rt: dort hatten anscheinend ein paar Jugendliche auf ihrem Zimmer geraucht&#8230;<\/p>\n<p>&nbsp;&nbsp;&nbsp;&nbsp;&nbsp;&nbsp;&nbsp;&nbsp;&nbsp;<\/p>\n<p style=\"text-align: center;\"><strong><span style=\"color: #3366ff;\"><a title=\"18. Tag: York \u2013 Robin Hood\u00b4s Bay\" href=\"http:\/\/motorrad.pixelstreet.net\/?page_id=826\"><span style=\"color: #3366ff;\">Weiter zum n\u00e4chsten Tag &#8211;&gt;<\/span><\/a><\/span><\/strong><\/p>\n","protected":false},"excerpt":{"rendered":"<p>Fr\u00fcher hasste Mann es, das mich meine Eltern zu Kulturst\u00e4tten mitgeschleift haben: Museen anguggen..alte Schl\u00f6sser, irgendwann hatte ich echt die Nase voll. Jetzt wo ich alles selber planen kann, vorher recherchieren, da mach ich sowas gerne. &nbsp; Also ging es an diesem Tag zum &#8222;Hadrian\u00b4s Wall&#8220;, der die R\u00f6mer von den B\u00f6sen Barbaren im Norden &hellip; <\/p>\n<p><a class=\"more-link btn\" href=\"http:\/\/motorrad.pixelstreet.net\/?page_id=824\">Weiterlesen<\/a><\/p>\n","protected":false},"author":3,"featured_media":0,"parent":130,"menu_order":2,"comment_status":"open","ping_status":"open","template":"","meta":{"ngg_post_thumbnail":0,"footnotes":""},"class_list":["post-824","page","type-page","status-publish","hentry","nodate","item-wrap"],"_links":{"self":[{"href":"http:\/\/motorrad.pixelstreet.net\/index.php?rest_route=\/wp\/v2\/pages\/824"}],"collection":[{"href":"http:\/\/motorrad.pixelstreet.net\/index.php?rest_route=\/wp\/v2\/pages"}],"about":[{"href":"http:\/\/motorrad.pixelstreet.net\/index.php?rest_route=\/wp\/v2\/types\/page"}],"author":[{"embeddable":true,"href":"http:\/\/motorrad.pixelstreet.net\/index.php?rest_route=\/wp\/v2\/users\/3"}],"replies":[{"embeddable":true,"href":"http:\/\/motorrad.pixelstreet.net\/index.php?rest_route=%2Fwp%2Fv2%2Fcomments&post=824"}],"version-history":[{"count":6,"href":"http:\/\/motorrad.pixelstreet.net\/index.php?rest_route=\/wp\/v2\/pages\/824\/revisions"}],"predecessor-version":[{"id":980,"href":"http:\/\/motorrad.pixelstreet.net\/index.php?rest_route=\/wp\/v2\/pages\/824\/revisions\/980"}],"up":[{"embeddable":true,"href":"http:\/\/motorrad.pixelstreet.net\/index.php?rest_route=\/wp\/v2\/pages\/130"}],"wp:attachment":[{"href":"http:\/\/motorrad.pixelstreet.net\/index.php?rest_route=%2Fwp%2Fv2%2Fmedia&parent=824"}],"curies":[{"name":"wp","href":"https:\/\/api.w.org\/{rel}","templated":true}]}}