{"id":826,"date":"2012-10-06T09:16:57","date_gmt":"2012-10-06T09:16:57","guid":{"rendered":"http:\/\/motorrad.pixelstreet.net\/?page_id=826"},"modified":"2012-10-06T09:33:12","modified_gmt":"2012-10-06T09:33:12","slug":"18-tag-york-robin-hood%c2%b4s-bay","status":"publish","type":"page","link":"http:\/\/motorrad.pixelstreet.net\/?page_id=826","title":{"rendered":"18. Tag: York &#8211; Robin Hood\u00b4s Bay"},"content":{"rendered":"<p><a href=\"http:\/\/motorrad.pixelstreet.net\/wp-content\/uploads\/2012\/10\/IMG_0421.jpg\"><img loading=\"lazy\" decoding=\"async\" class=\"alignright size-medium wp-image-948\" title=\"IMG_0421\" src=\"http:\/\/motorrad.pixelstreet.net\/wp-content\/uploads\/2012\/10\/IMG_0421-199x300.jpg\" alt=\"\" width=\"199\" height=\"300\" srcset=\"http:\/\/motorrad.pixelstreet.net\/wp-content\/uploads\/2012\/10\/IMG_0421-199x300.jpg 199w, http:\/\/motorrad.pixelstreet.net\/wp-content\/uploads\/2012\/10\/IMG_0421.jpg 533w\" sizes=\"(max-width: 199px) 100vw, 199px\" \/><\/a><\/p>\n<p>Da das York Minster gestern schon geschlossen hatte, ging es heute nochmal in die Stadt. Wir parkten die Bikes in einem Parkhaus, weil drau\u00dfen nix frei war. Die Stadt war voll mit Touristen.<\/p>\n<p>Das Wetter zeigte sich heute wieder von seiner besten Seite.<\/p>\n<p>So machte der kleine Stadtbummel doppelt Spass.<\/p>\n<p>&nbsp;<\/p>\n<p>&nbsp;<\/p>\n<p>&nbsp;<\/p>\n<p>&nbsp;<\/p>\n<p>&nbsp;<\/p>\n<p>&nbsp;<\/p>\n<p>&nbsp;<\/p>\n<p>Mit 9 Pfund pro Person ist der Eintritt in das Minster nicht gerade billig, aber daf\u00fcr sieht es atemberaubend aus!<\/p>\n<p><a href=\"http:\/\/motorrad.pixelstreet.net\/wp-content\/uploads\/2012\/10\/Schottland-548-von-595.jpg\"><img loading=\"lazy\" decoding=\"async\" class=\"aligncenter size-medium wp-image-949\" title=\"Schottland 548 von 595\" src=\"http:\/\/motorrad.pixelstreet.net\/wp-content\/uploads\/2012\/10\/Schottland-548-von-595-300x199.jpg\" alt=\"\" width=\"300\" height=\"199\" srcset=\"http:\/\/motorrad.pixelstreet.net\/wp-content\/uploads\/2012\/10\/Schottland-548-von-595-300x199.jpg 300w, http:\/\/motorrad.pixelstreet.net\/wp-content\/uploads\/2012\/10\/Schottland-548-von-595.jpg 800w\" sizes=\"(max-width: 300px) 100vw, 300px\" \/><\/a><\/p>\n<p>Private F\u00fchrer zeigen einem die Kirche und haben viel zu erz\u00e4hlen \u00fcber die Geschichte. So erfahren wir das dies Nr. 5 ist, der Kirchen die es an jener Stelle schon vorher gab, aber in der Zeit abgebrannt sind oder Zerst\u00f6rt wurden.<\/p>\n<p>Den letzten\u00a0Brand\u00a0gab es Ende der 90er durch einen Blitzeinschlag, wo Teile des Daches im Querschiff\u00a0abbrannte.<\/p>\n<p>Da wir noch eine \u00dcbernachtung hatten bevor es wieder auf die F\u00e4hre ging. entschieden wir uns an die Ostk\u00fcste zu fahren. Auf\u00a0Anhieb\u00a0viel Frau die Robin Hood\u00b4s Bay ins Auge, dort mussten wir hin \ud83d\ude42<\/p>\n<p><a href=\"http:\/\/motorrad.pixelstreet.net\/wp-content\/uploads\/2012\/10\/IMG_0449.jpg\"><img loading=\"lazy\" decoding=\"async\" class=\"aligncenter size-medium wp-image-950\" title=\"IMG_0449\" src=\"http:\/\/motorrad.pixelstreet.net\/wp-content\/uploads\/2012\/10\/IMG_0449-300x199.jpg\" alt=\"\" width=\"300\" height=\"199\" srcset=\"http:\/\/motorrad.pixelstreet.net\/wp-content\/uploads\/2012\/10\/IMG_0449-300x199.jpg 300w, http:\/\/motorrad.pixelstreet.net\/wp-content\/uploads\/2012\/10\/IMG_0449.jpg 800w\" sizes=\"(max-width: 300px) 100vw, 300px\" \/><\/a><\/p>\n<p style=\"text-align: center;\">Wir fuhren durch den North York Moors National Park Richtung Whitby. Pl\u00f6tzlich ging es Bergab,<\/p>\n<p style=\"text-align: center;\"><img loading=\"lazy\" decoding=\"async\" class=\"size-medium wp-image-951 aligncenter\" title=\"Schottland 563 von 595\" src=\"http:\/\/motorrad.pixelstreet.net\/wp-content\/uploads\/2012\/10\/Schottland-563-von-595-300x199.jpg\" alt=\"\" width=\"300\" height=\"199\" srcset=\"http:\/\/motorrad.pixelstreet.net\/wp-content\/uploads\/2012\/10\/Schottland-563-von-595-300x199.jpg 300w, http:\/\/motorrad.pixelstreet.net\/wp-content\/uploads\/2012\/10\/Schottland-563-von-595.jpg 800w\" sizes=\"(max-width: 300px) 100vw, 300px\" \/><\/p>\n<p style=\"text-align: center;\">als wir an der\u00a0K\u00fcste ankamen und da sahen wir schon von weitem die Whitby Abbey.<\/p>\n<p><a href=\"http:\/\/motorrad.pixelstreet.net\/wp-content\/uploads\/2012\/10\/IMG_0673.jpg\"><img loading=\"lazy\" decoding=\"async\" class=\"alignright size-medium wp-image-953\" title=\"IMG_0673\" src=\"http:\/\/motorrad.pixelstreet.net\/wp-content\/uploads\/2012\/10\/IMG_0673-300x224.jpg\" alt=\"\" width=\"300\" height=\"224\" srcset=\"http:\/\/motorrad.pixelstreet.net\/wp-content\/uploads\/2012\/10\/IMG_0673-300x224.jpg 300w, http:\/\/motorrad.pixelstreet.net\/wp-content\/uploads\/2012\/10\/IMG_0673-1024x764.jpg 1024w\" sizes=\"(max-width: 300px) 100vw, 300px\" \/><\/a><\/p>\n<p>&nbsp;<\/p>\n<p>&nbsp;<\/p>\n<p>In Robin Hood\u00b4s Bay suchten wir uns einen Zeltplatz und hatten wieder einen mit einer super Aussicht. Der Zeltaufbau ging schon wie von selbst. Als alles fertig war machten wir uns auf den Weg zur\u00fcck zur Abbey.<\/p>\n<p>&nbsp;<\/p>\n<p>&nbsp;<\/p>\n<p>&nbsp;<\/p>\n<p>&nbsp;<\/p>\n<p>&nbsp;<\/p>\n<p>Eine echt sch\u00f6ne Ruine, fantastisch gelegen auf einer Anh\u00f6he an den Klippen vor der Stadt. In der Ferne vor der Bucht sah man sogar ein Segelschiff kreuzen&#8230; Piraten? \ud83d\ude00<\/p>\n<p>&nbsp;<\/p>\n<p><a href=\"http:\/\/motorrad.pixelstreet.net\/wp-content\/uploads\/2012\/10\/IMG_0489.jpg\"><img loading=\"lazy\" decoding=\"async\" class=\"alignnone  wp-image-954\" title=\"IMG_0489\" src=\"http:\/\/motorrad.pixelstreet.net\/wp-content\/uploads\/2012\/10\/IMG_0489-300x199.jpg\" alt=\"\" width=\"270\" height=\"179\" srcset=\"http:\/\/motorrad.pixelstreet.net\/wp-content\/uploads\/2012\/10\/IMG_0489-300x199.jpg 300w, http:\/\/motorrad.pixelstreet.net\/wp-content\/uploads\/2012\/10\/IMG_0489.jpg 800w\" sizes=\"(max-width: 270px) 100vw, 270px\" \/><\/a>\u00a0<a href=\"http:\/\/motorrad.pixelstreet.net\/wp-content\/uploads\/2012\/10\/IMG_0520.jpg\"><img loading=\"lazy\" decoding=\"async\" class=\"alignnone  wp-image-955\" title=\"IMG_0520\" src=\"http:\/\/motorrad.pixelstreet.net\/wp-content\/uploads\/2012\/10\/IMG_0520-300x199.jpg\" alt=\"\" width=\"270\" height=\"179\" srcset=\"http:\/\/motorrad.pixelstreet.net\/wp-content\/uploads\/2012\/10\/IMG_0520-300x199.jpg 300w, http:\/\/motorrad.pixelstreet.net\/wp-content\/uploads\/2012\/10\/IMG_0520.jpg 800w\" sizes=\"(max-width: 270px) 100vw, 270px\" \/><\/a><\/p>\n<p>Wir umrundeten einmal die Aussenmauern des ehemaligen Kirchengel\u00e4ndes. Zum Schluss d\u00e4mmerte es leicht und das nutzte Mann dann f\u00fcr ein HDR Foto:<\/p>\n<p><a href=\"http:\/\/motorrad.pixelstreet.net\/wp-content\/uploads\/2012\/10\/Schottland-574-von-595.jpg\"><img loading=\"lazy\" decoding=\"async\" class=\"aligncenter size-medium wp-image-956\" title=\"Schottland 574 von 595\" src=\"http:\/\/motorrad.pixelstreet.net\/wp-content\/uploads\/2012\/10\/Schottland-574-von-595-300x199.jpg\" alt=\"\" width=\"300\" height=\"199\" srcset=\"http:\/\/motorrad.pixelstreet.net\/wp-content\/uploads\/2012\/10\/Schottland-574-von-595-300x199.jpg 300w, http:\/\/motorrad.pixelstreet.net\/wp-content\/uploads\/2012\/10\/Schottland-574-von-595.jpg 800w\" sizes=\"(max-width: 300px) 100vw, 300px\" \/><\/a><\/p>\n<p>Wieder am Zelt angekommen, lie\u00dfen wir den Tag mit den letzten gebratenen Steak auf der Insel ausklingen. Frau schlief schon, Mann nutzte die Zeit noch um ein paar Sternenfotos zu knipsen:<\/p>\n<p><a href=\"http:\/\/motorrad.pixelstreet.net\/wp-content\/uploads\/2012\/10\/IMG_0615.jpg\"><img loading=\"lazy\" decoding=\"async\" class=\"alignnone  wp-image-957\" title=\"IMG_0615\" src=\"http:\/\/motorrad.pixelstreet.net\/wp-content\/uploads\/2012\/10\/IMG_0615-300x199.jpg\" alt=\"\" width=\"270\" height=\"179\" srcset=\"http:\/\/motorrad.pixelstreet.net\/wp-content\/uploads\/2012\/10\/IMG_0615-300x199.jpg 300w, http:\/\/motorrad.pixelstreet.net\/wp-content\/uploads\/2012\/10\/IMG_0615.jpg 800w\" sizes=\"(max-width: 270px) 100vw, 270px\" \/><\/a><a href=\"http:\/\/motorrad.pixelstreet.net\/wp-content\/uploads\/2012\/10\/IMG_0616.jpg\"><img loading=\"lazy\" decoding=\"async\" class=\"alignnone  wp-image-958\" title=\"IMG_0616\" src=\"http:\/\/motorrad.pixelstreet.net\/wp-content\/uploads\/2012\/10\/IMG_0616-300x199.jpg\" alt=\"\" width=\"270\" height=\"179\" srcset=\"http:\/\/motorrad.pixelstreet.net\/wp-content\/uploads\/2012\/10\/IMG_0616-300x199.jpg 300w, http:\/\/motorrad.pixelstreet.net\/wp-content\/uploads\/2012\/10\/IMG_0616.jpg 800w\" sizes=\"(max-width: 270px) 100vw, 270px\" \/><\/a><\/p>\n<p>&nbsp;<\/p>\n<p>So kam die letzte Nacht auf der Insel \u00fcber uns&#8230;<\/p>\n<p>&nbsp;<\/p>\n<p style=\"text-align: center;\"><a title=\"19. \/20. \/ 21. Tag: RHB-Newcastle-Garbsen-Berlin\" href=\"http:\/\/motorrad.pixelstreet.net\/?page_id=828\"><strong><span style=\"color: #3366ff;\">Zum letzten Tag &#8211;&gt;<\/span><\/strong><\/a><\/p>\n","protected":false},"excerpt":{"rendered":"<p>Da das York Minster gestern schon geschlossen hatte, ging es heute nochmal in die Stadt. Wir parkten die Bikes in einem Parkhaus, weil drau\u00dfen nix frei war. Die Stadt war voll mit Touristen. Das Wetter zeigte sich heute wieder von seiner besten Seite. So machte der kleine Stadtbummel doppelt Spass. &nbsp; &nbsp; &nbsp; &nbsp; &nbsp; &hellip; <\/p>\n<p><a class=\"more-link btn\" href=\"http:\/\/motorrad.pixelstreet.net\/?page_id=826\">Weiterlesen<\/a><\/p>\n","protected":false},"author":3,"featured_media":0,"parent":130,"menu_order":2,"comment_status":"open","ping_status":"open","template":"","meta":{"ngg_post_thumbnail":0,"footnotes":""},"class_list":["post-826","page","type-page","status-publish","hentry","nodate","item-wrap"],"_links":{"self":[{"href":"http:\/\/motorrad.pixelstreet.net\/index.php?rest_route=\/wp\/v2\/pages\/826"}],"collection":[{"href":"http:\/\/motorrad.pixelstreet.net\/index.php?rest_route=\/wp\/v2\/pages"}],"about":[{"href":"http:\/\/motorrad.pixelstreet.net\/index.php?rest_route=\/wp\/v2\/types\/page"}],"author":[{"embeddable":true,"href":"http:\/\/motorrad.pixelstreet.net\/index.php?rest_route=\/wp\/v2\/users\/3"}],"replies":[{"embeddable":true,"href":"http:\/\/motorrad.pixelstreet.net\/index.php?rest_route=%2Fwp%2Fv2%2Fcomments&post=826"}],"version-history":[{"count":4,"href":"http:\/\/motorrad.pixelstreet.net\/index.php?rest_route=\/wp\/v2\/pages\/826\/revisions"}],"predecessor-version":[{"id":985,"href":"http:\/\/motorrad.pixelstreet.net\/index.php?rest_route=\/wp\/v2\/pages\/826\/revisions\/985"}],"up":[{"embeddable":true,"href":"http:\/\/motorrad.pixelstreet.net\/index.php?rest_route=\/wp\/v2\/pages\/130"}],"wp:attachment":[{"href":"http:\/\/motorrad.pixelstreet.net\/index.php?rest_route=%2Fwp%2Fv2%2Fmedia&parent=826"}],"curies":[{"name":"wp","href":"https:\/\/api.w.org\/{rel}","templated":true}]}}