{"id":828,"date":"2012-10-06T09:32:22","date_gmt":"2012-10-06T09:32:22","guid":{"rendered":"http:\/\/motorrad.pixelstreet.net\/?page_id=828"},"modified":"2012-10-06T09:32:22","modified_gmt":"2012-10-06T09:32:22","slug":"19-20-21-tag-rhb-newcastle-garbsen-berlin","status":"publish","type":"page","link":"http:\/\/motorrad.pixelstreet.net\/?page_id=828","title":{"rendered":"19. \/20. \/ 21. Tag: RHB-Newcastle-Garbsen-Berlin"},"content":{"rendered":"<p>Die Restlichen Tage wollten wir so schnell wie m\u00f6glich hinter uns bringen. Wir kamen schnell bis nach NewCastle durch. Das Schiff wartete schon auf uns.<\/p>\n<p><a href=\"http:\/\/motorrad.pixelstreet.net\/wp-content\/uploads\/2012\/10\/Schottland-589-von-595.jpg\"><img loading=\"lazy\" decoding=\"async\" class=\"aligncenter size-medium wp-image-981\" title=\"Schottland 589 von 595\" src=\"http:\/\/motorrad.pixelstreet.net\/wp-content\/uploads\/2012\/10\/Schottland-589-von-595-300x223.jpg\" alt=\"\" width=\"300\" height=\"223\" srcset=\"http:\/\/motorrad.pixelstreet.net\/wp-content\/uploads\/2012\/10\/Schottland-589-von-595-300x223.jpg 300w, http:\/\/motorrad.pixelstreet.net\/wp-content\/uploads\/2012\/10\/Schottland-589-von-595.jpg 1000w\" sizes=\"(max-width: 300px) 100vw, 300px\" \/><\/a><\/p>\n<p>Mit der Abfahrt lie\u00df es sich aber Zeit, es kamen immer noch Passagiere angetr\u00f6pfelt&#8230;<\/p>\n<p>Die \u00dcberfahrt verlief ohne Probleme, nur etwas mehr geschaukelt hat es in der Nacht. Das Fr\u00fchst\u00fcck an Board war wieder sehr lecker!<\/p>\n<p>Dann kam auch schon Iljmunden in Sicht:<\/p>\n<p>&nbsp;<\/p>\n<p><a href=\"http:\/\/motorrad.pixelstreet.net\/wp-content\/uploads\/2012\/10\/Schottland-593-von-595.jpg\"><img loading=\"lazy\" decoding=\"async\" class=\"aligncenter size-medium wp-image-982\" title=\"Schottland 593 von 595\" src=\"http:\/\/motorrad.pixelstreet.net\/wp-content\/uploads\/2012\/10\/Schottland-593-von-595-300x199.jpg\" alt=\"\" width=\"300\" height=\"199\" srcset=\"http:\/\/motorrad.pixelstreet.net\/wp-content\/uploads\/2012\/10\/Schottland-593-von-595-300x199.jpg 300w, http:\/\/motorrad.pixelstreet.net\/wp-content\/uploads\/2012\/10\/Schottland-593-von-595.jpg 1000w\" sizes=\"(max-width: 300px) 100vw, 300px\" \/><\/a><\/p>\n<p>&nbsp;<\/p>\n<p>Die R\u00fcckfahrt is echt doof: man weis das der Urlaub zu Ende ist, man noch 660km quer durch Deutschland muss.<\/p>\n<p>Wir wollten uns noch Amsterdam anschauen, fuhren auch ins Zentrum aber sind dann ausgerechnet in einen Stau gekommen. Naja is auch nicht ohne Grund eine Fahrrad Stadt, da gab es Massenweise von \ud83d\ude42<\/p>\n<p>In Hannover gab\u00b4s dann wieder den Stop im Imbis Budget (Etap) Hotel. Am n\u00e4chsten Tag ging es dann nach Berlin und schwubs war auch die Reise vorbei \ud83d\ude41<\/p>\n<p><a href=\"http:\/\/motorrad.pixelstreet.net\/wp-content\/uploads\/2012\/10\/IMG_0683.jpg\"><img loading=\"lazy\" decoding=\"async\" class=\"aligncenter size-medium wp-image-983\" title=\"IMG_0683\" src=\"http:\/\/motorrad.pixelstreet.net\/wp-content\/uploads\/2012\/10\/IMG_0683-300x224.jpg\" alt=\"\" width=\"300\" height=\"224\" srcset=\"http:\/\/motorrad.pixelstreet.net\/wp-content\/uploads\/2012\/10\/IMG_0683-300x224.jpg 300w, http:\/\/motorrad.pixelstreet.net\/wp-content\/uploads\/2012\/10\/IMG_0683-1024x764.jpg 1024w\" sizes=\"(max-width: 300px) 100vw, 300px\" \/><\/a><\/p>\n<p>Abschlie\u00dfend gibt es nur noch zu bemerken: Schottland du bist so sch\u00f6n und rau&#8230; wir vermissen dich!!<\/p>\n<p style=\"text-align: center;\"><strong>Wir werden wieder kommen!!<\/strong><\/p>\n","protected":false},"excerpt":{"rendered":"<p>Die Restlichen Tage wollten wir so schnell wie m\u00f6glich hinter uns bringen. Wir kamen schnell bis nach NewCastle durch. Das Schiff wartete schon auf uns. Mit der Abfahrt lie\u00df es sich aber Zeit, es kamen immer noch Passagiere angetr\u00f6pfelt&#8230; Die \u00dcberfahrt verlief ohne Probleme, nur etwas mehr geschaukelt hat es in der Nacht. Das Fr\u00fchst\u00fcck &hellip; <\/p>\n<p><a class=\"more-link btn\" href=\"http:\/\/motorrad.pixelstreet.net\/?page_id=828\">Weiterlesen<\/a><\/p>\n","protected":false},"author":3,"featured_media":0,"parent":130,"menu_order":2,"comment_status":"open","ping_status":"open","template":"","meta":{"ngg_post_thumbnail":0,"footnotes":""},"class_list":["post-828","page","type-page","status-publish","hentry","nodate","item-wrap"],"_links":{"self":[{"href":"http:\/\/motorrad.pixelstreet.net\/index.php?rest_route=\/wp\/v2\/pages\/828"}],"collection":[{"href":"http:\/\/motorrad.pixelstreet.net\/index.php?rest_route=\/wp\/v2\/pages"}],"about":[{"href":"http:\/\/motorrad.pixelstreet.net\/index.php?rest_route=\/wp\/v2\/types\/page"}],"author":[{"embeddable":true,"href":"http:\/\/motorrad.pixelstreet.net\/index.php?rest_route=\/wp\/v2\/users\/3"}],"replies":[{"embeddable":true,"href":"http:\/\/motorrad.pixelstreet.net\/index.php?rest_route=%2Fwp%2Fv2%2Fcomments&post=828"}],"version-history":[{"count":2,"href":"http:\/\/motorrad.pixelstreet.net\/index.php?rest_route=\/wp\/v2\/pages\/828\/revisions"}],"predecessor-version":[{"id":984,"href":"http:\/\/motorrad.pixelstreet.net\/index.php?rest_route=\/wp\/v2\/pages\/828\/revisions\/984"}],"up":[{"embeddable":true,"href":"http:\/\/motorrad.pixelstreet.net\/index.php?rest_route=\/wp\/v2\/pages\/130"}],"wp:attachment":[{"href":"http:\/\/motorrad.pixelstreet.net\/index.php?rest_route=%2Fwp%2Fv2%2Fmedia&parent=828"}],"curies":[{"name":"wp","href":"https:\/\/api.w.org\/{rel}","templated":true}]}}